{"id":1144,"date":"2024-01-18T09:38:03","date_gmt":"2024-01-18T08:38:03","guid":{"rendered":"https:\/\/educaedtech.com\/?page_id=1144"},"modified":"2024-01-24T13:50:10","modified_gmt":"2024-01-24T12:50:10","slug":"aviso-legal","status":"publish","type":"page","link":"https:\/\/educaedtech.com\/de\/rechtshinweis\/","title":{"rendered":"Rechtlicher Hinweis"},"content":{"rendered":"<div data-elementor-type=\"wp-page\" data-elementor-id=\"1144\" class=\"elementor elementor-1144\" data-elementor-post-type=\"page\">\n\t\t\t\t<div class=\"elementor-element elementor-element-b828744 e-con-full e-flex e-con e-parent\" data-id=\"b828744\" data-element_type=\"container\" data-settings=\"{&quot;background_background&quot;:&quot;classic&quot;}\">\n\t\t<div class=\"elementor-element elementor-element-cef04b2 e-flex e-con-boxed e-con e-child\" data-id=\"cef04b2\" data-element_type=\"container\">\n\t\t\t\t\t<div class=\"e-con-inner\">\n\t\t\t\t\t<\/div>\n\t\t\t\t<\/div>\n\t\t\t\t<\/div>\n\t\t<div class=\"elementor-element elementor-element-9d12be8 e-flex e-con-boxed e-con e-parent\" data-id=\"9d12be8\" data-element_type=\"container\">\n\t\t\t\t\t<div class=\"e-con-inner\">\n\t\t\t\t<div class=\"elementor-element elementor-element-6ffe37f elementor-widget elementor-widget-text-editor\" data-id=\"6ffe37f\" data-element_type=\"widget\" data-widget_type=\"text-editor.default\">\n\t\t\t\t<div class=\"elementor-widget-container\">\n\t\t\t\t\t\t\t<div class=\"elementor-element elementor-element-ba73a22 e-flex e-con-boxed e-con e-parent\" data-id=\"ba73a22\" data-element_type=\"container\" data-settings=\"{&quot;content_width&quot;:&quot;boxed&quot;}\" data-core-v316-plus=\"true\"><div class=\"e-con-inner\"><div class=\"elementor-element elementor-element-dc0ae03 elementor-widget elementor-widget-heading\" data-id=\"dc0ae03\" data-element_type=\"widget\" data-widget_type=\"heading.default\"><div class=\"elementor-widget-container\"><h1 class=\"elementor-heading-title elementor-size-default\">RECHTLICHER HINWEIS<\/h1><\/div><\/div><\/div><\/div><div class=\"elementor-element elementor-element-3f4e8dc e-flex e-con-boxed e-con e-parent\" data-id=\"3f4e8dc\" data-element_type=\"container\" data-settings=\"{&quot;content_width&quot;:&quot;boxed&quot;}\" data-core-v316-plus=\"true\"><div class=\"e-con-inner\"><div class=\"elementor-element elementor-element-1e04564 elementor-widget elementor-widget-text-editor\" data-id=\"1e04564\" data-element_type=\"widget\" data-widget_type=\"text-editor.default\"><div class=\"elementor-widget-container\"><p><strong>DATEN DES INHABERS<\/strong><\/p><ul><li><strong>NAME DES UNTERNEHMENS<\/strong>: EDUCA EDTECH, B.V.<\/li><li><strong>KVK-Register<\/strong>: 86269941<\/li><li><strong>\u00dcBRIGENS:<\/strong>GEBURTSDATUM : NL863915887B01<\/li><li><strong>ADRESSE<\/strong>Weteringschans 165 C, 1017 XD - Amsterdam<\/li><li><strong>E-Mail<\/strong>: business@educa-edtech.com<\/li><li><strong>Telefon:<\/strong>\u00a0+31 685 48 97 47<\/li><\/ul><p>Wir informieren Sie, dass der Zugang und die Nutzung der Website\u00a0<a href=\"https:\/\/educaedtech.com\/de\/\">www.educaedtech.com<\/a>\u00a0sowie den Abschluss von Vertr\u00e4gen \u00fcber die Produkte und Dienstleistungen von\u00a0<a href=\"https:\/\/educaedtech.com\/de\/\">www.educaedtech.com<\/a>\u00a0unterliegt den vorliegenden Nutzungsbedingungen, und wir empfehlen Ihnen, diese sorgf\u00e4ltig zu lesen. Der Zugriff auf diese Website impliziert ihre automatische und bedingungslose Annahme und impliziert, innerhalb dieser Website in \u00dcbereinstimmung mit ihnen zu handeln. Der Nutzer verpflichtet sich, die Website in \u00dcbereinstimmung mit dem Gesetz, dem vorliegenden rechtlichen Hinweis, den ihm zur Kenntnis gebrachten Vorschriften und Anweisungen sowie der Moral, den allgemein anerkannten guten Sitten und der \u00f6ffentlichen Ordnung zu nutzen.<\/p><p>EDUCA EDTECH besitzt alle Rechte am Inhalt, Design und Quellcode dieser Website, insbesondere, aber nicht beschr\u00e4nkt auf die Produkte, Fotos, Bilder, Zeichnungen, Texte, Audio, Video, Software, Logos und Design. Diese Rechte sind durch die geltende spanische und internationale Gesetzgebung zum geistigen und gewerblichen Eigentum gesch\u00fctzt. Ebenso, und unbeschadet des Vorstehenden, wird der Inhalt dieser Website auch als Computerprogramm betrachtet, und daher gelten auch alle diesbez\u00fcglichen spanischen und europ\u00e4ischen Gemeinschaftsvorschriften.<\/p><p>Es ist ausdr\u00fccklich verboten, diese Website oder ihren Inhalt ohne die ausdr\u00fcckliche vorherige schriftliche Genehmigung von EDUCA EDTECH ganz oder teilweise zu vervielf\u00e4ltigen. Die Rechte an den Inhalten liegen bei EDUCA EDTECH oder gegebenenfalls bei Dritten. Der Zugriff auf unsere Website bedeutet unter keinen Umst\u00e4nden eine \u00dcbertragung, Weitergabe oder einen sonstigen vollst\u00e4ndigen oder teilweisen Verzicht auf die Rechte des geistigen oder gewerblichen Eigentums.<\/p><p>Das Anschauen, Ausdrucken und teilweise Herunterladen der Inhalte der WEBSITE ist nur und ausschlie\u00dflich dann gestattet, wenn die folgenden Bedingungen erf\u00fcllt sind:<\/p><ul><li>dass sie mit dem Zweck der WEBSITE vereinbar ist.<\/li><li>dass sie mit dem ausschlie\u00dflichen Ziel erfolgt, die darin enthaltenen Informationen f\u00fcr den pers\u00f6nlichen und privaten Gebrauch zu erhalten. Die Verwendung zu kommerziellen Zwecken oder zur Verbreitung, \u00f6ffentlichen Mitteilung, Umwandlung oder Dekompilierung ist ausdr\u00fccklich verboten.<\/li><li>dass keiner der Inhalte der Website in irgendeiner Weise ver\u00e4ndert wird.<\/li><li>Keine Grafik, kein Symbol und kein Bild, das im Internet verf\u00fcgbar ist, darf getrennt von den \u00fcbrigen dazugeh\u00f6rigen Bildern verwendet, kopiert oder verbreitet werden.<\/li><li>Die unbefugte Nutzung der auf der WEBSITE enthaltenen Informationen, ihr Weiterverkauf sowie die Verletzung der Rechte an geistigem oder gewerblichem Eigentum ziehen die gesetzlich festgelegten Verantwortlichkeiten nach sich.<\/li><\/ul><p>Der Internetnutzer, der auf unsere Seiten zugreift, darf nur eine private Kopie der Inhalte einsehen und erhalten, sofern diese Kopie ausschlie\u00dflich f\u00fcr den pers\u00f6nlichen und privaten Gebrauch bestimmt ist; die Nutzung zu kommerziellen Zwecken ist strengstens untersagt. Das Kopieren, die Vervielf\u00e4ltigung, die Anpassung, die Verbreitung, der Vertrieb, die \u00c4nderung, die Vermarktung, die \u00dcbertragung, die \u00f6ffentliche Bekanntmachung und jede andere Handlung, die eine Verletzung der geltenden spanischen und\/oder internationalen Vorschriften \u00fcber das geistige und\/oder gewerbliche Eigentum darstellt, sowie die Nutzung der Inhalte der Website ohne vorherige ausdr\u00fcckliche schriftliche Genehmigung des Inhabers der Nutzungsrechte sind strengstens untersagt.<\/p><p><strong>Zugang und Aufenthalt im Internet. Unser Inhalt<\/strong><\/p><p>EDUCA EDTECH ist nicht verantwortlich f\u00fcr die Informationen, die in anderen Links oder Verzeichnissen enthalten sind, die \u00fcber unsere Website zug\u00e4nglich sind. Wenn die Aktivit\u00e4ten oder Informationen, die von anderen Unternehmen \u00fcber unsere Website zur Verf\u00fcgung gestellt werden, ungesetzlich sind oder das Eigentum oder die Rechte Dritter verletzen, informieren Sie uns bitte, damit wir den entsprechenden Link sofort entfernen oder deaktivieren k\u00f6nnen.<\/p><p>EDUCA EDTECH garantiert nicht, dass es keine Unterbrechungen oder Fehler beim Zugriff auf das Web oder seinen Inhalt, oder dass es aktualisiert wird. EDUCA EDTECH wird, sofern es keine Gr\u00fcnde gibt, die die Ausf\u00fchrung unm\u00f6glich oder schwierig machen, und sobald es Kenntnis von Fehlern, Unterbrechungen oder mangelnder Aktualisierung des Inhalts erh\u00e4lt, alle Aufgaben zur Korrektur der Fehler, Wiederherstellung der Kommunikation und Aktualisierung des Inhalts durchf\u00fchren. Der Server, auf dem DIE WEBSITE gehostet wird, befindet sich bei OVH, in einem Hosting der spanischen Einheit Innoforma Elearning Technologies, S.L.U. mit der C.I.F. B18915140, wo Wartungs- und Verbindungsdienstleistungen zu den Bedingungen des Hosting-Vertrags, der auf der Website des Anbieters verf\u00fcgbar ist, bereitgestellt werden.<\/p><p>Wir weisen Sie darauf hin, dass nach dem Gesetz 34\/2002 \u00fcber die Dienste der Informationsgesellschaft (im Folgenden LSSI) die Dienste der Informationsgesellschaft folgende Grunds\u00e4tze nicht verletzen d\u00fcrfen: (I) \u00f6ffentliche Ordnung, strafrechtliche Ermittlungen, \u00f6ffentliche Sicherheit und Landesverteidigung; (II) Schutz der \u00f6ffentlichen Gesundheit und der Verbraucher; (III) Achtung der Menschenw\u00fcrde und Nichtdiskriminierung aus Gr\u00fcnden der Ethnie, des Geschlechts, der Religion, der Meinung, der Nationalit\u00e4t, einer Behinderung oder sonstiger pers\u00f6nlicher oder sozialer Umst\u00e4nde; Schutz von Jugendlichen und Kindern.<\/p><p>Wir verteidigen diese Grunds\u00e4tze und in \u00dcbereinstimmung mit dem Gesetz sind wir verpflichtet, mit den zust\u00e4ndigen Stellen zusammenzuarbeiten, die die Unterbrechung des Dienstes oder die Entfernung bestimmter Nachrichten anordnen, infolgedessen werden wir die Erbringung von Dienstleistungen aussetzen, sobald wir tats\u00e4chliche Kenntnis von der Aktivit\u00e4t oder den gespeicherten Informationen haben, die illegal sind oder das Eigentum und die Rechte Dritter verletzen, ohne f\u00fcr die ausgegebenen Informationen verantwortlich zu sein, noch kann EDUCA EDTECH in irgendeiner Weise f\u00fcr die Aussetzung und Unterbrechung des vertraglichen Dienstes verantwortlich gemacht werden.<\/p><p>Wir informieren Sie auch dar\u00fcber, dass \"Spamming\" oder das Versenden von unaufgeforderten Massenmails verboten ist und dass EDUCA EDTECH eine Permission-Marketing-Politik verfolgt, so dass wir Sie um Ihre Zustimmung zu kommerziellen Mitteilungen auf elektronischem Wege bitten, die wir versenden k\u00f6nnen.<\/p><p>Infolgedessen und in \u00dcbereinstimmung mit den Bestimmungen von Titel III des Kapitels III des LSSI informieren wir Sie, dass (I) alle kommerziellen Mitteilungen von EDUCA EDTECH, die Sie erhalten, zuvor und ausdr\u00fccklich von Ihnen genehmigt wurden oder sich auf Produkte und Dienstleistungen von EDUCA EDTECH beziehen, die denen \u00e4hnlich sind, die Sie urspr\u00fcnglich vertraglich vereinbart haben, und (II) dass alle Ihre pers\u00f6nlichen Daten, die zu diesem Zweck verwendet werden, auf rechtm\u00e4\u00dfige Weise erhalten wurden, und insbesondere in \u00dcbereinstimmung mit dem Organgesetz 3\/2018 vom 5. Dezember 2018 \u00fcber den Schutz personenbezogener Daten und die Gew\u00e4hrleistung digitaler Rechte (LOPDGDD) und seinen Durchf\u00fchrungsbestimmungen.<\/p><p>Sowohl der Zugriff auf die WEBSITE als auch die nicht einvernehmliche Nutzung der darin enthaltenen Informationen liegt in der alleinigen Verantwortung des Nutzers. EDUCA EDTECH haftet nicht f\u00fcr Folgen oder Sch\u00e4den, die sich aus einem solchen Zugang oder einer solchen Nutzung ergeben k\u00f6nnen, und haftet auch nicht f\u00fcr etwaige Sicherheitsfehler oder Sch\u00e4den, die am Computersystem (Hardware und Software) des Nutzers oder an den darin gespeicherten Dateien oder Dokumenten entstehen k\u00f6nnen, und zwar aufgrund von: o dem Vorhandensein eines Virus auf dem Computer des Nutzers, der f\u00fcr die Verbindung zu den Dienstleistungen und Inhalten der Website verwendet wird; o einer Fehlfunktion des Browsers; oder der Verwendung nicht aktualisierter Versionen desselben.<\/p><p>Der Nutzer tr\u00e4gt die volle Verantwortung f\u00fcr sein Verhalten, wenn er auf die Informationen auf der Website zugreift, w\u00e4hrend er sie durchsucht und nachdem er sie aufgerufen hat. Infolge des Vorstehenden ist der Nutzer gegen\u00fcber EDUCA EDTECH und Dritten allein verantwortlich f\u00fcr:<\/p><ul><li>alle Folgen, die sich aus der Nutzung von Inhalten auf der Website ergeben k\u00f6nnen, unabh\u00e4ngig davon, ob diese von EDUCA EDTECH erstellt wurden oder nicht und unabh\u00e4ngig davon, ob sie unter ihrem Namen in offizieller Form ver\u00f6ffentlicht wurden oder nicht, f\u00fcr Zwecke oder Wirkungen, die ungesetzlich sind oder im Widerspruch zu diesem rechtlichen Hinweis stehen<\/li><li>die Folgen, die sich aus der Nutzung ergeben k\u00f6nnen, die dem Inhalt dieses rechtlichen Hinweises zuwiderl\u00e4uft und den Interessen oder Rechten Dritter schadet, oder die Website oder ihre Dienste in irgendeiner Weise besch\u00e4digt, deaktiviert oder beeintr\u00e4chtigt oder die normale Nutzung durch andere Nutzer verhindert.<\/li><\/ul><p>\u00a0EDUCA EDTECH beh\u00e4lt sich das Recht vor, den Inhalt zu aktualisieren, wenn sie es f\u00fcr angemessen h\u00e4lt, sowie zu entfernen, zu beschr\u00e4nken oder zu verhindern, den Zugang zu ihnen, vor\u00fcbergehend oder dauerhaft, sowie den Zugang zu der Website f\u00fcr den Benutzer, der den Inhalt missbraucht und \/ oder gegen eine der Bedingungen, die in diesem rechtlichen Hinweis erscheinen zu verweigern.<\/p><\/div><\/div><\/div><\/div>\t\t\t\t\t\t<\/div>\n\t\t\t\t<\/div>\n\t\t\t\t\t<\/div>\n\t\t\t\t<\/div>\n\t\t\t\t<\/div>","protected":false},"excerpt":{"rendered":"<p>RECHTLICHER HINWEIS DATEN DES EIGENT\u00dcMERS BUSINESS NAME: EDUCA EDTECH, B.V. KVK Register: 86269941 BTW: NL863915887B01 ADRESSE: Weteringschans 165 C, 1017 [...]<\/p>","protected":false},"author":1,"featured_media":0,"parent":0,"menu_order":0,"comment_status":"closed","ping_status":"closed","template":"","meta":{"_acf_changed":false,"site-sidebar-layout":"no-sidebar","site-content-layout":"","ast-site-content-layout":"full-width-container","site-content-style":"default","site-sidebar-style":"default","ast-global-header-display":"","ast-banner-title-visibility":"","ast-main-header-display":"","ast-hfb-above-header-display":"","ast-hfb-below-header-display":"","ast-hfb-mobile-header-display":"","site-post-title":"disabled","ast-breadcrumbs-content":"","ast-featured-img":"disabled","footer-sml-layout":"","theme-transparent-header-meta":"","adv-header-id-meta":"","stick-header-meta":"","header-above-stick-meta":"","header-main-stick-meta":"","header-below-stick-meta":"","astra-migrate-meta-layouts":"default","ast-page-background-enabled":"default","ast-page-background-meta":{"desktop":{"background-color":"var(--ast-global-color-4)","background-image":"","background-repeat":"repeat","background-position":"center center","background-size":"auto","background-attachment":"scroll","background-type":"","background-media":"","overlay-type":"","overlay-color":"","overlay-opacity":"","overlay-gradient":""},"tablet":{"background-color":"","background-image":"","background-repeat":"repeat","background-position":"center center","background-size":"auto","background-attachment":"scroll","background-type":"","background-media":"","overlay-type":"","overlay-color":"","overlay-opacity":"","overlay-gradient":""},"mobile":{"background-color":"","background-image":"","background-repeat":"repeat","background-position":"center center","background-size":"auto","background-attachment":"scroll","background-type":"","background-media":"","overlay-type":"","overlay-color":"","overlay-opacity":"","overlay-gradient":""}},"ast-content-background-meta":{"desktop":{"background-color":"var(--ast-global-color-5)","background-image":"","background-repeat":"repeat","background-position":"center center","background-size":"auto","background-attachment":"scroll","background-type":"","background-media":"","overlay-type":"","overlay-color":"","overlay-opacity":"","overlay-gradient":""},"tablet":{"background-color":"var(--ast-global-color-5)","background-image":"","background-repeat":"repeat","background-position":"center center","background-size":"auto","background-attachment":"scroll","background-type":"","background-media":"","overlay-type":"","overlay-color":"","overlay-opacity":"","overlay-gradient":""},"mobile":{"background-color":"var(--ast-global-color-5)","background-image":"","background-repeat":"repeat","background-position":"center center","background-size":"auto","background-attachment":"scroll","background-type":"","background-media":"","overlay-type":"","overlay-color":"","overlay-opacity":"","overlay-gradient":""}},"footnotes":""},"class_list":["post-1144","page","type-page","status-publish","hentry"],"acf":[],"yoast_head":"<!-- This site is optimized with the Yoast SEO plugin v23.4 - https:\/\/yoast.com\/wordpress\/plugins\/seo\/ -->\n<title>Aviso legal - Grupo EDUCA EDTECH<\/title>\n<meta name=\"robots\" content=\"index, follow, max-snippet:-1, max-image-preview:large, max-video-preview:-1\" \/>\n<link rel=\"canonical\" href=\"https:\/\/educaedtech.com\/de\/rechtshinweis\/\" \/>\n<meta property=\"og:locale\" content=\"de_DE\" \/>\n<meta property=\"og:type\" content=\"article\" \/>\n<meta property=\"og:title\" content=\"Aviso legal - Grupo EDUCA EDTECH\" \/>\n<meta property=\"og:description\" content=\"LEGAL NOTICE DATOS DEL TITULAR BUSINESS NAME: EDUCA EDTECH, B.V. KVK Register: 86269941 BTW: NL863915887B01 ADRESS: Weteringschans 165 C, 1017 [&hellip;]\" \/>\n<meta property=\"og:url\" content=\"https:\/\/educaedtech.com\/de\/rechtshinweis\/\" \/>\n<meta property=\"og:site_name\" content=\"Grupo EDUCA EDTECH\" \/>\n<meta property=\"article:modified_time\" content=\"2024-01-24T12:50:10+00:00\" \/>\n<meta name=\"twitter:card\" content=\"summary_large_image\" \/>\n<meta name=\"twitter:label1\" content=\"Gesch\u00e4tzte Lesezeit\" \/>\n\t<meta name=\"twitter:data1\" content=\"13\u00a0Minuten\" \/>\n<script type=\"application\/ld+json\" class=\"yoast-schema-graph\">{\"@context\":\"https:\/\/schema.org\",\"@graph\":[{\"@type\":\"WebPage\",\"@id\":\"https:\/\/educaedtech.com\/de\/rechtshinweis\/\",\"url\":\"https:\/\/educaedtech.com\/de\/rechtshinweis\/\",\"name\":\"Aviso legal - Grupo EDUCA EDTECH\",\"isPartOf\":{\"@id\":\"https:\/\/educaedtech.com\/de\/#website\"},\"datePublished\":\"2024-01-18T08:38:03+00:00\",\"dateModified\":\"2024-01-24T12:50:10+00:00\",\"breadcrumb\":{\"@id\":\"https:\/\/educaedtech.com\/de\/rechtshinweis\/#breadcrumb\"},\"inLanguage\":\"de\",\"potentialAction\":[{\"@type\":\"ReadAction\",\"target\":[\"https:\/\/educaedtech.com\/de\/rechtshinweis\/\"]}]},{\"@type\":\"BreadcrumbList\",\"@id\":\"https:\/\/educaedtech.com\/de\/rechtshinweis\/#breadcrumb\",\"itemListElement\":[{\"@type\":\"ListItem\",\"position\":1,\"name\":\"Home\",\"item\":\"https:\/\/educaedtech.com\/\"},{\"@type\":\"ListItem\",\"position\":2,\"name\":\"Aviso legal\"}]},{\"@type\":\"WebSite\",\"@id\":\"https:\/\/educaedtech.com\/de\/#website\",\"url\":\"https:\/\/educaedtech.com\/de\/\",\"name\":\"Grupo EDUCA EDTECH\",\"description\":\"\",\"publisher\":{\"@id\":\"https:\/\/educaedtech.com\/de\/#organization\"},\"potentialAction\":[{\"@type\":\"SearchAction\",\"target\":{\"@type\":\"EntryPoint\",\"urlTemplate\":\"https:\/\/educaedtech.com\/de\/?s={search_term_string}\"},\"query-input\":{\"@type\":\"PropertyValueSpecification\",\"valueRequired\":true,\"valueName\":\"search_term_string\"}}],\"inLanguage\":\"de\"},{\"@type\":\"Organization\",\"@id\":\"https:\/\/educaedtech.com\/de\/#organization\",\"name\":\"Grupo EDUCA EDTECH\",\"url\":\"https:\/\/educaedtech.com\/de\/\",\"logo\":{\"@type\":\"ImageObject\",\"inLanguage\":\"de\",\"@id\":\"https:\/\/educaedtech.com\/de\/#\/schema\/logo\/image\/\",\"url\":\"https:\/\/educaedtech.com\/wp-content\/uploads\/2024\/01\/Logo-Educa-Edtech-Group-Blanco.svg\",\"contentUrl\":\"https:\/\/educaedtech.com\/wp-content\/uploads\/2024\/01\/Logo-Educa-Edtech-Group-Blanco.svg\",\"width\":317,\"height\":108,\"caption\":\"Grupo EDUCA EDTECH\"},\"image\":{\"@id\":\"https:\/\/educaedtech.com\/de\/#\/schema\/logo\/image\/\"}}]}<\/script>\n<!-- \/ Yoast SEO plugin. -->","yoast_head_json":{"title":"Aviso legal - Grupo EDUCA EDTECH","robots":{"index":"index","follow":"follow","max-snippet":"max-snippet:-1","max-image-preview":"max-image-preview:large","max-video-preview":"max-video-preview:-1"},"canonical":"https:\/\/educaedtech.com\/de\/rechtshinweis\/","og_locale":"de_DE","og_type":"article","og_title":"Aviso legal - Grupo EDUCA EDTECH","og_description":"LEGAL NOTICE DATOS DEL TITULAR BUSINESS NAME: EDUCA EDTECH, B.V. KVK Register: 86269941 BTW: NL863915887B01 ADRESS: Weteringschans 165 C, 1017 [&hellip;]","og_url":"https:\/\/educaedtech.com\/de\/rechtshinweis\/","og_site_name":"Grupo EDUCA EDTECH","article_modified_time":"2024-01-24T12:50:10+00:00","twitter_card":"summary_large_image","twitter_misc":{"Gesch\u00e4tzte Lesezeit":"13\u00a0Minuten"},"schema":{"@context":"https:\/\/schema.org","@graph":[{"@type":"WebPage","@id":"https:\/\/educaedtech.com\/de\/rechtshinweis\/","url":"https:\/\/educaedtech.com\/de\/rechtshinweis\/","name":"Aviso legal - Grupo EDUCA EDTECH","isPartOf":{"@id":"https:\/\/educaedtech.com\/de\/#website"},"datePublished":"2024-01-18T08:38:03+00:00","dateModified":"2024-01-24T12:50:10+00:00","breadcrumb":{"@id":"https:\/\/educaedtech.com\/de\/rechtshinweis\/#breadcrumb"},"inLanguage":"de","potentialAction":[{"@type":"ReadAction","target":["https:\/\/educaedtech.com\/de\/rechtshinweis\/"]}]},{"@type":"BreadcrumbList","@id":"https:\/\/educaedtech.com\/de\/rechtshinweis\/#breadcrumb","itemListElement":[{"@type":"ListItem","position":1,"name":"Home","item":"https:\/\/educaedtech.com\/"},{"@type":"ListItem","position":2,"name":"Aviso legal"}]},{"@type":"WebSite","@id":"https:\/\/educaedtech.com\/de\/#website","url":"https:\/\/educaedtech.com\/de\/","name":"Grupo EDUCA EDTECH","description":"","publisher":{"@id":"https:\/\/educaedtech.com\/de\/#organization"},"potentialAction":[{"@type":"SearchAction","target":{"@type":"EntryPoint","urlTemplate":"https:\/\/educaedtech.com\/de\/?s={search_term_string}"},"query-input":{"@type":"PropertyValueSpecification","valueRequired":true,"valueName":"search_term_string"}}],"inLanguage":"de"},{"@type":"Organization","@id":"https:\/\/educaedtech.com\/de\/#organization","name":"Grupo EDUCA EDTECH","url":"https:\/\/educaedtech.com\/de\/","logo":{"@type":"ImageObject","inLanguage":"de","@id":"https:\/\/educaedtech.com\/de\/#\/schema\/logo\/image\/","url":"https:\/\/educaedtech.com\/wp-content\/uploads\/2024\/01\/Logo-Educa-Edtech-Group-Blanco.svg","contentUrl":"https:\/\/educaedtech.com\/wp-content\/uploads\/2024\/01\/Logo-Educa-Edtech-Group-Blanco.svg","width":317,"height":108,"caption":"Grupo EDUCA EDTECH"},"image":{"@id":"https:\/\/educaedtech.com\/de\/#\/schema\/logo\/image\/"}}]}},"_links":{"self":[{"href":"https:\/\/educaedtech.com\/de\/wp-json\/wp\/v2\/pages\/1144","targetHints":{"allow":["GET"]}}],"collection":[{"href":"https:\/\/educaedtech.com\/de\/wp-json\/wp\/v2\/pages"}],"about":[{"href":"https:\/\/educaedtech.com\/de\/wp-json\/wp\/v2\/types\/page"}],"author":[{"embeddable":true,"href":"https:\/\/educaedtech.com\/de\/wp-json\/wp\/v2\/users\/1"}],"replies":[{"embeddable":true,"href":"https:\/\/educaedtech.com\/de\/wp-json\/wp\/v2\/comments?post=1144"}],"version-history":[{"count":13,"href":"https:\/\/educaedtech.com\/de\/wp-json\/wp\/v2\/pages\/1144\/revisions"}],"predecessor-version":[{"id":1551,"href":"https:\/\/educaedtech.com\/de\/wp-json\/wp\/v2\/pages\/1144\/revisions\/1551"}],"wp:attachment":[{"href":"https:\/\/educaedtech.com\/de\/wp-json\/wp\/v2\/media?parent=1144"}],"curies":[{"name":"wp","href":"https:\/\/api.w.org\/{rel}","templated":true}]}}