{"id":1038,"date":"2024-01-17T12:40:36","date_gmt":"2024-01-17T11:40:36","guid":{"rendered":"https:\/\/educaedtech.com\/?page_id=1038"},"modified":"2024-02-02T13:38:24","modified_gmt":"2024-02-02T12:38:24","slug":"empleo","status":"publish","type":"page","link":"https:\/\/educaedtech.com\/fr\/lemploi\/","title":{"rendered":"Emploi"},"content":{"rendered":"<div data-elementor-type=\"wp-page\" data-elementor-id=\"1038\" class=\"elementor elementor-1038\" data-elementor-post-type=\"page\">\n\t\t\t\t<div class=\"elementor-element elementor-element-3c3ad9c8 e-con-full e-flex e-con e-parent\" data-id=\"3c3ad9c8\" data-element_type=\"container\" data-settings=\"{&quot;background_background&quot;:&quot;classic&quot;}\">\n\t\t<div class=\"elementor-element elementor-element-4f2654c9 e-flex e-con-boxed e-con e-child\" data-id=\"4f2654c9\" data-element_type=\"container\">\n\t\t\t\t\t<div class=\"e-con-inner\">\n\t\t\t\t<div class=\"elementor-element elementor-element-2931a602 elementor-widget elementor-widget-heading\" data-id=\"2931a602\" data-element_type=\"widget\" data-widget_type=\"heading.default\">\n\t\t\t\t<div class=\"elementor-widget-container\">\n\t\t\t<h1 class=\"elementor-heading-title elementor-size-default\">Pourquoi travailler chez EDUCA EDTECH Group ?<\/h1>\t\t<\/div>\n\t\t\t\t<\/div>\n\t\t\t\t\t<\/div>\n\t\t\t\t<\/div>\n\t\t\t\t<\/div>\n\t\t<div class=\"elementor-element elementor-element-91db3cd e-con-full e-flex e-con e-parent\" data-id=\"91db3cd\" data-element_type=\"container\">\n\t\t<div class=\"elementor-element elementor-element-1049c94 e-con-full e-flex e-con e-child\" data-id=\"1049c94\" data-element_type=\"container\">\n\t\t\t\t<div class=\"elementor-element elementor-element-35ae08b elementor-widget elementor-widget-image\" data-id=\"35ae08b\" data-element_type=\"widget\" data-widget_type=\"image.default\">\n\t\t\t\t<div class=\"elementor-widget-container\">\n\t\t\t\t\t\t\t\t\t\t\t\t\t<img fetchpriority=\"high\" decoding=\"async\" width=\"551\" height=\"470\" src=\"https:\/\/educaedtech.com\/wp-content\/uploads\/2024\/01\/IMG_0479.png\" class=\"attachment-large size-large wp-image-1076\" alt=\"\" srcset=\"https:\/\/educaedtech.com\/wp-content\/uploads\/2024\/01\/IMG_0479.png 551w, https:\/\/educaedtech.com\/wp-content\/uploads\/2024\/01\/IMG_0479-300x256.png 300w\" sizes=\"(max-width: 551px) 100vw, 551px\" \/>\t\t\t\t\t\t\t\t\t\t\t\t\t<\/div>\n\t\t\t\t<\/div>\n\t\t\t\t<\/div>\n\t\t<div class=\"elementor-element elementor-element-70b999e e-con-full e-flex e-con e-child\" data-id=\"70b999e\" data-element_type=\"container\">\n\t\t\t\t<div class=\"elementor-element elementor-element-b83c1df elementor-widget elementor-widget-heading\" data-id=\"b83c1df\" data-element_type=\"widget\" data-widget_type=\"heading.default\">\n\t\t\t\t<div class=\"elementor-widget-container\">\n\t\t\t<h2 class=\"elementor-heading-title elementor-size-default\">D\u00e9velopper son talent et atteindre son v\u00e9ritable potentiel<\/h2>\t\t<\/div>\n\t\t\t\t<\/div>\n\t\t\t\t<div class=\"elementor-element elementor-element-45f7fc0 elementor-widget elementor-widget-heading\" data-id=\"45f7fc0\" data-element_type=\"widget\" data-widget_type=\"heading.default\">\n\t\t\t\t<div class=\"elementor-widget-container\">\n\t\t\t<h2 class=\"elementor-heading-title elementor-size-default\">PROMOTION INTERNE <br>ET LA CAPACIT\u00c9 DE D\u00c9VELOPPEMENT<\/h2>\t\t<\/div>\n\t\t\t\t<\/div>\n\t\t\t\t<div class=\"elementor-element elementor-element-6e24934 elementor-widget elementor-widget-heading\" data-id=\"6e24934\" data-element_type=\"widget\" data-widget_type=\"heading.default\">\n\t\t\t\t<div class=\"elementor-widget-container\">\n\t\t\t<div class=\"elementor-heading-title elementor-size-default\">Chez EDUCA EDTECH Group, nous vous aidons \u00e0 d\u00e9velopper votre talent et \u00e0 atteindre votre v\u00e9ritable potentiel.<\/div>\t\t<\/div>\n\t\t\t\t<\/div>\n\t\t\t\t<div class=\"elementor-element elementor-element-a8ae97a elementor-widget elementor-widget-heading\" data-id=\"a8ae97a\" data-element_type=\"widget\" data-widget_type=\"heading.default\">\n\t\t\t\t<div class=\"elementor-widget-container\">\n\t\t\t<div class=\"elementor-heading-title elementor-size-default\">En tant qu'employ\u00e9 du groupe, vous avez la possibilit\u00e9 d'influencer la vie des gens par le biais de l'\u00e9ducation et c'est pourquoi nous nous appuyons sur nos talents internes, \u00e0 tel point que 90% du personnel occupant des postes \u00e0 responsabilit\u00e9 a \u00e9t\u00e9 promu en interne.<\/div>\t\t<\/div>\n\t\t\t\t<\/div>\n\t\t\t\t<\/div>\n\t\t\t\t<\/div>\n\t\t<div class=\"elementor-element elementor-element-ebc8c2c e-flex e-con-boxed e-con e-parent\" data-id=\"ebc8c2c\" data-element_type=\"container\">\n\t\t\t\t\t<div class=\"e-con-inner\">\n\t\t<div class=\"elementor-element elementor-element-6594a74 e-con-full e-flex e-con e-child\" data-id=\"6594a74\" data-element_type=\"container\">\n\t\t\t\t<div class=\"elementor-element elementor-element-381a0d1 elementor-widget elementor-widget-heading\" data-id=\"381a0d1\" data-element_type=\"widget\" data-widget_type=\"heading.default\">\n\t\t\t\t<div class=\"elementor-widget-container\">\n\t\t\t<h3 class=\"elementor-heading-title elementor-size-default\">Laboratoire du bonheur<\/h3>\t\t<\/div>\n\t\t\t\t<\/div>\n\t\t\t\t<div class=\"elementor-element elementor-element-8f93d7e elementor-widget elementor-widget-heading\" data-id=\"8f93d7e\" data-element_type=\"widget\" data-widget_type=\"heading.default\">\n\t\t\t\t<div class=\"elementor-widget-container\">\n\t\t\t<h2 class=\"elementor-heading-title elementor-size-default\">Nous sommes fermement attach\u00e9s au bonheur et \u00e0 la valeur de nos employ\u00e9s, c'est pourquoi nous disposons d'une \u00e9quipe qui se consacre exclusivement \u00e0 leur bien-\u00eatre et \u00e0 faire du groupe EDUCA EDTECH un employeur de r\u00e9f\u00e9rence dans le monde entier.<\/h2>\t\t<\/div>\n\t\t\t\t<\/div>\n\t\t\t\t<\/div>\n\t\t<div class=\"elementor-element elementor-element-654aaf0 e-con-full elementor-hidden-tablet elementor-hidden-mobile e-flex e-con e-child\" data-id=\"654aaf0\" data-element_type=\"container\">\n\t\t\t\t<div class=\"elementor-element elementor-element-2adaa57 elementor-widget elementor-widget-image\" data-id=\"2adaa57\" data-element_type=\"widget\" data-widget_type=\"image.default\">\n\t\t\t\t<div class=\"elementor-widget-container\">\n\t\t\t\t\t\t\t\t\t\t\t\t\t<img decoding=\"async\" width=\"2\" height=\"209\" src=\"https:\/\/educaedtech.com\/wp-content\/uploads\/2024\/01\/Line-40.png\" class=\"attachment-large size-large wp-image-1215\" alt=\"\" \/>\t\t\t\t\t\t\t\t\t\t\t\t\t<\/div>\n\t\t\t\t<\/div>\n\t\t\t\t<\/div>\n\t\t<div class=\"elementor-element elementor-element-247c854 e-con-full elementor-hidden-desktop e-flex e-con e-child\" data-id=\"247c854\" data-element_type=\"container\">\n\t\t\t\t<div class=\"elementor-element elementor-element-e99a720 elementor-widget elementor-widget-html\" data-id=\"e99a720\" data-element_type=\"widget\" data-widget_type=\"html.default\">\n\t\t\t\t<div class=\"elementor-widget-container\">\n\t\t\t<hr class=\"border-gradientv2\">\t\t<\/div>\n\t\t\t\t<\/div>\n\t\t\t\t<\/div>\n\t\t<div class=\"elementor-element elementor-element-94f43a3 e-con-full e-flex e-con e-child\" data-id=\"94f43a3\" data-element_type=\"container\">\n\t\t\t\t<div class=\"elementor-element elementor-element-73751f3 elementor-widget elementor-widget-image\" data-id=\"73751f3\" data-element_type=\"widget\" data-widget_type=\"image.default\">\n\t\t\t\t<div class=\"elementor-widget-container\">\n\t\t\t\t\t\t\t\t\t\t\t\t\t<img decoding=\"async\" width=\"171\" height=\"154\" src=\"https:\/\/educaedtech.com\/wp-content\/uploads\/2024\/01\/Top-Employers-Institute-logo-1.png\" class=\"attachment-full size-full wp-image-1086\" alt=\"\" \/>\t\t\t\t\t\t\t\t\t\t\t\t\t<\/div>\n\t\t\t\t<\/div>\n\t\t\t\t<div class=\"elementor-element elementor-element-3043b15 elementor-widget elementor-widget-heading\" data-id=\"3043b15\" data-element_type=\"widget\" data-widget_type=\"heading.default\">\n\t\t\t\t<div class=\"elementor-widget-container\">\n\t\t\t<h3 class=\"elementor-heading-title elementor-size-default\">Principaux employeurs<\/h3>\t\t<\/div>\n\t\t\t\t<\/div>\n\t\t\t\t<div class=\"elementor-element elementor-element-f561207 elementor-widget elementor-widget-heading\" data-id=\"f561207\" data-element_type=\"widget\" data-widget_type=\"heading.default\">\n\t\t\t\t<div class=\"elementor-widget-container\">\n\t\t\t<h2 class=\"elementor-heading-title elementor-size-default\">Avec la reconnaissance des meilleures pratiques dans le domaine de la gestion des personnes.<\/h2>\t\t<\/div>\n\t\t\t\t<\/div>\n\t\t\t\t<div class=\"elementor-element elementor-element-3203637 elementor-widget elementor-widget-button\" data-id=\"3203637\" data-element_type=\"widget\" data-widget_type=\"button.default\">\n\t\t\t\t<div class=\"elementor-widget-container\">\n\t\t\t\t\t<div class=\"elementor-button-wrapper\">\n\t\t\t<a class=\"elementor-button elementor-button-link elementor-size-sm\" href=\"https:\/\/www.top-employers.com\/en\/certified-top-employers-search\/?text=EDUCA%20EDTECH&#038;page=1\">\n\t\t\t\t\t\t<span class=\"elementor-button-content-wrapper\">\n\t\t\t\t\t\t\t\t\t<span class=\"elementor-button-text\">Principaux employeurs<\/span>\n\t\t\t\t\t<\/span>\n\t\t\t\t\t<\/a>\n\t\t<\/div>\n\t\t\t\t<\/div>\n\t\t\t\t<\/div>\n\t\t\t\t<\/div>\n\t\t\t\t\t<\/div>\n\t\t\t\t<\/div>\n\t\t<div class=\"elementor-element elementor-element-88204f6 e-flex e-con-boxed e-con e-parent\" data-id=\"88204f6\" data-element_type=\"container\">\n\t\t\t\t\t<div class=\"e-con-inner\">\n\t\t<div class=\"elementor-element elementor-element-b9dfb53 e-flex e-con-boxed e-con e-child\" data-id=\"b9dfb53\" data-element_type=\"container\">\n\t\t\t\t\t<div class=\"e-con-inner\">\n\t\t\t\t<div class=\"elementor-element elementor-element-6e2a123 elementor-widget elementor-widget-heading\" data-id=\"6e2a123\" data-element_type=\"widget\" data-widget_type=\"heading.default\">\n\t\t\t\t<div class=\"elementor-widget-container\">\n\t\t\t<h2 class=\"elementor-heading-title elementor-size-default\">exp\u00e9rience en tant que candidat<\/h2>\t\t<\/div>\n\t\t\t\t<\/div>\n\t\t\t\t<div class=\"elementor-element elementor-element-ed7bd41 elementor-widget elementor-widget-heading\" data-id=\"ed7bd41\" data-element_type=\"widget\" data-widget_type=\"heading.default\">\n\t\t\t\t<div class=\"elementor-widget-container\">\n\t\t\t<h2 class=\"elementor-heading-title elementor-size-default\">Votre exp\u00e9rience en tant que candidat sera unique d'un point de vue personnel :<\/h2>\t\t<\/div>\n\t\t\t\t<\/div>\n\t\t\t\t<div class=\"elementor-element elementor-element-07c0113 elementor-widget elementor-widget-text-editor\" data-id=\"07c0113\" data-element_type=\"widget\" data-widget_type=\"text-editor.default\">\n\t\t\t\t<div class=\"elementor-widget-container\">\n\t\t\t\t\t\t\t<ul><li>Nous garantissons l'\u00e9galit\u00e9 des chances sans pr\u00e9jug\u00e9s sexistes ni discrimination d'aucune sorte, mais uniquement en fonction de la valeur du candidat.<\/li><li>Confidentialit\u00e9 tout au long du processus, respect maximal et clart\u00e9.<\/li><\/ul><p>\u00c0 cette fin, notre \u00e9quipe s'engage \u00e0 :<\/p><ul><li>Assurer le suivi et l'information du candidat \u00e0 chaque \u00e9tape du processus de s\u00e9lection dans lequel il est impliqu\u00e9.<\/li><li>\u00c9valuer chaque candidature selon des crit\u00e8res \u00e9prouv\u00e9s et des entretiens personnalis\u00e9s.<\/li><\/ul>\t\t\t\t\t\t<\/div>\n\t\t\t\t<\/div>\n\t\t\t\t\t<\/div>\n\t\t\t\t<\/div>\n\t\t\t\t\t<\/div>\n\t\t\t\t<\/div>\n\t\t\t\t<\/div>","protected":false},"excerpt":{"rendered":"<p>Pourquoi travailler chez EDUCA EDTECH Group ? D\u00e9veloppez votre talent et atteignez votre v\u00e9ritable potentiel PROMOTION INTERNE ET POSSIBILIT\u00c9 DE [...]<\/p>","protected":false},"author":1,"featured_media":0,"parent":0,"menu_order":0,"comment_status":"closed","ping_status":"closed","template":"","meta":{"_acf_changed":false,"site-sidebar-layout":"no-sidebar","site-content-layout":"","ast-site-content-layout":"full-width-container","site-content-style":"default","site-sidebar-style":"default","ast-global-header-display":"","ast-banner-title-visibility":"","ast-main-header-display":"","ast-hfb-above-header-display":"","ast-hfb-below-header-display":"","ast-hfb-mobile-header-display":"","site-post-title":"disabled","ast-breadcrumbs-content":"","ast-featured-img":"disabled","footer-sml-layout":"","theme-transparent-header-meta":"","adv-header-id-meta":"","stick-header-meta":"","header-above-stick-meta":"","header-main-stick-meta":"","header-below-stick-meta":"","astra-migrate-meta-layouts":"default","ast-page-background-enabled":"default","ast-page-background-meta":{"desktop":{"background-color":"var(--ast-global-color-4)","background-image":"","background-repeat":"repeat","background-position":"center center","background-size":"auto","background-attachment":"scroll","background-type":"","background-media":"","overlay-type":"","overlay-color":"","overlay-opacity":"","overlay-gradient":""},"tablet":{"background-color":"","background-image":"","background-repeat":"repeat","background-position":"center center","background-size":"auto","background-attachment":"scroll","background-type":"","background-media":"","overlay-type":"","overlay-color":"","overlay-opacity":"","overlay-gradient":""},"mobile":{"background-color":"","background-image":"","background-repeat":"repeat","background-position":"center center","background-size":"auto","background-attachment":"scroll","background-type":"","background-media":"","overlay-type":"","overlay-color":"","overlay-opacity":"","overlay-gradient":""}},"ast-content-background-meta":{"desktop":{"background-color":"var(--ast-global-color-5)","background-image":"","background-repeat":"repeat","background-position":"center center","background-size":"auto","background-attachment":"scroll","background-type":"","background-media":"","overlay-type":"","overlay-color":"","overlay-opacity":"","overlay-gradient":""},"tablet":{"background-color":"var(--ast-global-color-5)","background-image":"","background-repeat":"repeat","background-position":"center center","background-size":"auto","background-attachment":"scroll","background-type":"","background-media":"","overlay-type":"","overlay-color":"","overlay-opacity":"","overlay-gradient":""},"mobile":{"background-color":"var(--ast-global-color-5)","background-image":"","background-repeat":"repeat","background-position":"center center","background-size":"auto","background-attachment":"scroll","background-type":"","background-media":"","overlay-type":"","overlay-color":"","overlay-opacity":"","overlay-gradient":""}},"footnotes":""},"class_list":["post-1038","page","type-page","status-publish","hentry"],"acf":[],"yoast_head":"<!-- This site is optimized with the Yoast SEO plugin v23.4 - https:\/\/yoast.com\/wordpress\/plugins\/seo\/ -->\n<title>Empleo - Grupo EDUCA EDTECH<\/title>\n<meta name=\"robots\" content=\"index, follow, max-snippet:-1, max-image-preview:large, max-video-preview:-1\" \/>\n<link rel=\"canonical\" href=\"https:\/\/educaedtech.com\/fr\/lemploi\/\" \/>\n<meta property=\"og:locale\" content=\"fr_FR\" \/>\n<meta property=\"og:type\" content=\"article\" \/>\n<meta property=\"og:title\" content=\"Empleo - Grupo EDUCA EDTECH\" \/>\n<meta property=\"og:description\" content=\"\u00bfPor qu\u00e9 trabajar en EDUCA EDTECH Group? Desarrollar tu talento y alcanzar tu verdadero potencial PROMOCI\u00d3N INTERNA Y CAPACIDAD DE [&hellip;]\" \/>\n<meta property=\"og:url\" content=\"https:\/\/educaedtech.com\/fr\/lemploi\/\" \/>\n<meta property=\"og:site_name\" content=\"Grupo EDUCA EDTECH\" \/>\n<meta property=\"article:modified_time\" content=\"2024-02-02T12:38:24+00:00\" \/>\n<meta property=\"og:image\" content=\"https:\/\/educaedtech.com\/wp-content\/uploads\/2024\/01\/IMG_0479.png\" \/>\n<meta name=\"twitter:card\" content=\"summary_large_image\" \/>\n<meta name=\"twitter:label1\" content=\"Dur\u00e9e de lecture estim\u00e9e\" \/>\n\t<meta name=\"twitter:data1\" content=\"2 minutes\" \/>\n<script type=\"application\/ld+json\" class=\"yoast-schema-graph\">{\"@context\":\"https:\/\/schema.org\",\"@graph\":[{\"@type\":\"WebPage\",\"@id\":\"https:\/\/educaedtech.com\/fr\/lemploi\/\",\"url\":\"https:\/\/educaedtech.com\/fr\/lemploi\/\",\"name\":\"Empleo - Grupo EDUCA EDTECH\",\"isPartOf\":{\"@id\":\"https:\/\/educaedtech.com\/fr\/#website\"},\"primaryImageOfPage\":{\"@id\":\"https:\/\/educaedtech.com\/fr\/lemploi\/#primaryimage\"},\"image\":{\"@id\":\"https:\/\/educaedtech.com\/fr\/lemploi\/#primaryimage\"},\"thumbnailUrl\":\"https:\/\/educaedtech.com\/wp-content\/uploads\/2024\/01\/IMG_0479.png\",\"datePublished\":\"2024-01-17T11:40:36+00:00\",\"dateModified\":\"2024-02-02T12:38:24+00:00\",\"breadcrumb\":{\"@id\":\"https:\/\/educaedtech.com\/fr\/lemploi\/#breadcrumb\"},\"inLanguage\":\"fr-FR\",\"potentialAction\":[{\"@type\":\"ReadAction\",\"target\":[\"https:\/\/educaedtech.com\/fr\/lemploi\/\"]}]},{\"@type\":\"ImageObject\",\"inLanguage\":\"fr-FR\",\"@id\":\"https:\/\/educaedtech.com\/fr\/lemploi\/#primaryimage\",\"url\":\"https:\/\/educaedtech.com\/wp-content\/uploads\/2024\/01\/IMG_0479.png\",\"contentUrl\":\"https:\/\/educaedtech.com\/wp-content\/uploads\/2024\/01\/IMG_0479.png\"},{\"@type\":\"BreadcrumbList\",\"@id\":\"https:\/\/educaedtech.com\/fr\/lemploi\/#breadcrumb\",\"itemListElement\":[{\"@type\":\"ListItem\",\"position\":1,\"name\":\"Home\",\"item\":\"https:\/\/educaedtech.com\/\"},{\"@type\":\"ListItem\",\"position\":2,\"name\":\"Empleo\"}]},{\"@type\":\"WebSite\",\"@id\":\"https:\/\/educaedtech.com\/fr\/#website\",\"url\":\"https:\/\/educaedtech.com\/fr\/\",\"name\":\"Grupo EDUCA EDTECH\",\"description\":\"\",\"publisher\":{\"@id\":\"https:\/\/educaedtech.com\/fr\/#organization\"},\"potentialAction\":[{\"@type\":\"SearchAction\",\"target\":{\"@type\":\"EntryPoint\",\"urlTemplate\":\"https:\/\/educaedtech.com\/fr\/?s={search_term_string}\"},\"query-input\":{\"@type\":\"PropertyValueSpecification\",\"valueRequired\":true,\"valueName\":\"search_term_string\"}}],\"inLanguage\":\"fr-FR\"},{\"@type\":\"Organization\",\"@id\":\"https:\/\/educaedtech.com\/fr\/#organization\",\"name\":\"Grupo EDUCA EDTECH\",\"url\":\"https:\/\/educaedtech.com\/fr\/\",\"logo\":{\"@type\":\"ImageObject\",\"inLanguage\":\"fr-FR\",\"@id\":\"https:\/\/educaedtech.com\/fr\/#\/schema\/logo\/image\/\",\"url\":\"https:\/\/educaedtech.com\/wp-content\/uploads\/2024\/01\/Logo-Educa-Edtech-Group-Blanco.svg\",\"contentUrl\":\"https:\/\/educaedtech.com\/wp-content\/uploads\/2024\/01\/Logo-Educa-Edtech-Group-Blanco.svg\",\"width\":317,\"height\":108,\"caption\":\"Grupo EDUCA EDTECH\"},\"image\":{\"@id\":\"https:\/\/educaedtech.com\/fr\/#\/schema\/logo\/image\/\"}}]}<\/script>\n<!-- \/ Yoast SEO plugin. -->","yoast_head_json":{"title":"Empleo - Grupo EDUCA EDTECH","robots":{"index":"index","follow":"follow","max-snippet":"max-snippet:-1","max-image-preview":"max-image-preview:large","max-video-preview":"max-video-preview:-1"},"canonical":"https:\/\/educaedtech.com\/fr\/lemploi\/","og_locale":"fr_FR","og_type":"article","og_title":"Empleo - Grupo EDUCA EDTECH","og_description":"\u00bfPor qu\u00e9 trabajar en EDUCA EDTECH Group? Desarrollar tu talento y alcanzar tu verdadero potencial PROMOCI\u00d3N INTERNA Y CAPACIDAD DE [&hellip;]","og_url":"https:\/\/educaedtech.com\/fr\/lemploi\/","og_site_name":"Grupo EDUCA EDTECH","article_modified_time":"2024-02-02T12:38:24+00:00","og_image":[{"url":"https:\/\/educaedtech.com\/wp-content\/uploads\/2024\/01\/IMG_0479.png"}],"twitter_card":"summary_large_image","twitter_misc":{"Dur\u00e9e de lecture estim\u00e9e":"2 minutes"},"schema":{"@context":"https:\/\/schema.org","@graph":[{"@type":"WebPage","@id":"https:\/\/educaedtech.com\/fr\/lemploi\/","url":"https:\/\/educaedtech.com\/fr\/lemploi\/","name":"Empleo - Grupo EDUCA EDTECH","isPartOf":{"@id":"https:\/\/educaedtech.com\/fr\/#website"},"primaryImageOfPage":{"@id":"https:\/\/educaedtech.com\/fr\/lemploi\/#primaryimage"},"image":{"@id":"https:\/\/educaedtech.com\/fr\/lemploi\/#primaryimage"},"thumbnailUrl":"https:\/\/educaedtech.com\/wp-content\/uploads\/2024\/01\/IMG_0479.png","datePublished":"2024-01-17T11:40:36+00:00","dateModified":"2024-02-02T12:38:24+00:00","breadcrumb":{"@id":"https:\/\/educaedtech.com\/fr\/lemploi\/#breadcrumb"},"inLanguage":"fr-FR","potentialAction":[{"@type":"ReadAction","target":["https:\/\/educaedtech.com\/fr\/lemploi\/"]}]},{"@type":"ImageObject","inLanguage":"fr-FR","@id":"https:\/\/educaedtech.com\/fr\/lemploi\/#primaryimage","url":"https:\/\/educaedtech.com\/wp-content\/uploads\/2024\/01\/IMG_0479.png","contentUrl":"https:\/\/educaedtech.com\/wp-content\/uploads\/2024\/01\/IMG_0479.png"},{"@type":"BreadcrumbList","@id":"https:\/\/educaedtech.com\/fr\/lemploi\/#breadcrumb","itemListElement":[{"@type":"ListItem","position":1,"name":"Home","item":"https:\/\/educaedtech.com\/"},{"@type":"ListItem","position":2,"name":"Empleo"}]},{"@type":"WebSite","@id":"https:\/\/educaedtech.com\/fr\/#website","url":"https:\/\/educaedtech.com\/fr\/","name":"Grupo EDUCA EDTECH","description":"","publisher":{"@id":"https:\/\/educaedtech.com\/fr\/#organization"},"potentialAction":[{"@type":"SearchAction","target":{"@type":"EntryPoint","urlTemplate":"https:\/\/educaedtech.com\/fr\/?s={search_term_string}"},"query-input":{"@type":"PropertyValueSpecification","valueRequired":true,"valueName":"search_term_string"}}],"inLanguage":"fr-FR"},{"@type":"Organization","@id":"https:\/\/educaedtech.com\/fr\/#organization","name":"Grupo EDUCA EDTECH","url":"https:\/\/educaedtech.com\/fr\/","logo":{"@type":"ImageObject","inLanguage":"fr-FR","@id":"https:\/\/educaedtech.com\/fr\/#\/schema\/logo\/image\/","url":"https:\/\/educaedtech.com\/wp-content\/uploads\/2024\/01\/Logo-Educa-Edtech-Group-Blanco.svg","contentUrl":"https:\/\/educaedtech.com\/wp-content\/uploads\/2024\/01\/Logo-Educa-Edtech-Group-Blanco.svg","width":317,"height":108,"caption":"Grupo EDUCA EDTECH"},"image":{"@id":"https:\/\/educaedtech.com\/fr\/#\/schema\/logo\/image\/"}}]}},"_links":{"self":[{"href":"https:\/\/educaedtech.com\/fr\/wp-json\/wp\/v2\/pages\/1038","targetHints":{"allow":["GET"]}}],"collection":[{"href":"https:\/\/educaedtech.com\/fr\/wp-json\/wp\/v2\/pages"}],"about":[{"href":"https:\/\/educaedtech.com\/fr\/wp-json\/wp\/v2\/types\/page"}],"author":[{"embeddable":true,"href":"https:\/\/educaedtech.com\/fr\/wp-json\/wp\/v2\/users\/1"}],"replies":[{"embeddable":true,"href":"https:\/\/educaedtech.com\/fr\/wp-json\/wp\/v2\/comments?post=1038"}],"version-history":[{"count":64,"href":"https:\/\/educaedtech.com\/fr\/wp-json\/wp\/v2\/pages\/1038\/revisions"}],"predecessor-version":[{"id":2263,"href":"https:\/\/educaedtech.com\/fr\/wp-json\/wp\/v2\/pages\/1038\/revisions\/2263"}],"wp:attachment":[{"href":"https:\/\/educaedtech.com\/fr\/wp-json\/wp\/v2\/media?parent=1038"}],"curies":[{"name":"wp","href":"https:\/\/api.w.org\/{rel}","templated":true}]}}