{"id":1144,"date":"2024-01-18T09:38:03","date_gmt":"2024-01-18T08:38:03","guid":{"rendered":"https:\/\/educaedtech.com\/?page_id=1144"},"modified":"2024-01-24T13:50:10","modified_gmt":"2024-01-24T12:50:10","slug":"aviso-legal","status":"publish","type":"page","link":"https:\/\/educaedtech.com\/fr\/avis-juridique\/","title":{"rendered":"Avis juridique"},"content":{"rendered":"<div data-elementor-type=\"wp-page\" data-elementor-id=\"1144\" class=\"elementor elementor-1144\" data-elementor-post-type=\"page\">\n\t\t\t\t<div class=\"elementor-element elementor-element-b828744 e-con-full e-flex e-con e-parent\" data-id=\"b828744\" data-element_type=\"container\" data-settings=\"{&quot;background_background&quot;:&quot;classic&quot;}\">\n\t\t<div class=\"elementor-element elementor-element-cef04b2 e-flex e-con-boxed e-con e-child\" data-id=\"cef04b2\" data-element_type=\"container\">\n\t\t\t\t\t<div class=\"e-con-inner\">\n\t\t\t\t\t<\/div>\n\t\t\t\t<\/div>\n\t\t\t\t<\/div>\n\t\t<div class=\"elementor-element elementor-element-9d12be8 e-flex e-con-boxed e-con e-parent\" data-id=\"9d12be8\" data-element_type=\"container\">\n\t\t\t\t\t<div class=\"e-con-inner\">\n\t\t\t\t<div class=\"elementor-element elementor-element-6ffe37f elementor-widget elementor-widget-text-editor\" data-id=\"6ffe37f\" data-element_type=\"widget\" data-widget_type=\"text-editor.default\">\n\t\t\t\t<div class=\"elementor-widget-container\">\n\t\t\t\t\t\t\t<div class=\"elementor-element elementor-element-ba73a22 e-flex e-con-boxed e-con e-parent\" data-id=\"ba73a22\" data-element_type=\"container\" data-settings=\"{&quot;content_width&quot;:&quot;boxed&quot;}\" data-core-v316-plus=\"true\"><div class=\"e-con-inner\"><div class=\"elementor-element elementor-element-dc0ae03 elementor-widget elementor-widget-heading\" data-id=\"dc0ae03\" data-element_type=\"widget\" data-widget_type=\"heading.default\"><div class=\"elementor-widget-container\"><h1 class=\"elementor-heading-title elementor-size-default\">AVIS JURIDIQUE<\/h1><\/div><\/div><\/div><\/div><div class=\"elementor-element elementor-element-3f4e8dc e-flex e-con-boxed e-con e-parent\" data-id=\"3f4e8dc\" data-element_type=\"container\" data-settings=\"{&quot;content_width&quot;:&quot;boxed&quot;}\" data-core-v316-plus=\"true\"><div class=\"e-con-inner\"><div class=\"elementor-element elementor-element-1e04564 elementor-widget elementor-widget-text-editor\" data-id=\"1e04564\" data-element_type=\"widget\" data-widget_type=\"text-editor.default\"><div class=\"elementor-widget-container\"><p><strong>COORDONN\u00c9ES DU TITULAIRE<\/strong><\/p><ul><li><strong>NOM DE L'ENTREPRISE<\/strong>: EDUCA EDTECH, B.V.<\/li><li><strong>Registre KVK<\/strong>: 86269941<\/li><li><strong>BTW<\/strong>DATE DE NAISSANCE : NL863915887B01<\/li><li><strong>ADRESSE<\/strong>Weteringschans 165 C, 1017 XD - Amsterdam<\/li><li><strong>Courrier<\/strong>: business@educa-edtech.com<\/li><li><strong>T\u00e9l\u00e9phone :<\/strong>\u00a0+31 685 48 97 47<\/li><\/ul><p>Nous vous informons que l'acc\u00e8s et l'utilisation du site web\u00a0<a href=\"https:\/\/educaedtech.com\/fr\/\">www.educaedtech.com<\/a>\u00a0ainsi que la passation d'un contrat portant sur l'un des produits et services de\u00a0<a href=\"https:\/\/educaedtech.com\/fr\/\">www.educaedtech.com<\/a>\u00a0est soumis aux pr\u00e9sentes conditions d'utilisation, que nous vous recommandons de lire attentivement. L'acc\u00e8s \u00e0 ce site implique son acceptation automatique et inconditionnelle et implique d'agir au sein de ce site conform\u00e9ment \u00e0 celles-ci. L'utilisateur s'engage \u00e0 utiliser le site conform\u00e9ment \u00e0 la loi, aux pr\u00e9sentes mentions l\u00e9gales, aux r\u00e8glements et instructions port\u00e9s \u00e0 sa connaissance, ainsi qu'\u00e0 la morale, aux bonnes m\u0153urs g\u00e9n\u00e9ralement accept\u00e9es et \u00e0 l'ordre public.<\/p><p>EDUCA EDTECH d\u00e9tient tous les droits sur le contenu, la conception et le code source de ce site Web, et en particulier, mais sans s'y limiter, sur les produits, les photographies, les images, les dessins, les textes, l'audio, la vid\u00e9o, les logiciels, les logos et la conception. Ces droits sont prot\u00e9g\u00e9s par la l\u00e9gislation espagnole et internationale en vigueur en mati\u00e8re de propri\u00e9t\u00e9 intellectuelle et industrielle. De m\u00eame, et sans pr\u00e9judice de ce qui pr\u00e9c\u00e8de, le contenu de ce site Web est \u00e9galement consid\u00e9r\u00e9 comme un programme d'ordinateur et, par cons\u00e9quent, il est \u00e9galement applicable toutes les r\u00e9glementations espagnoles et communautaires en vigueur en la mati\u00e8re.<\/p><p>Il est express\u00e9ment interdit de reproduire tout ou partie de ce site web, ou de son contenu, sans l'autorisation \u00e9crite expresse et pr\u00e9alable d'EDUCA EDTECH. Les droits sur le contenu appartiennent \u00e0 EDUCA EDTECH ou, le cas \u00e9ch\u00e9ant, \u00e0 des tiers. En aucun cas l'acc\u00e8s \u00e0 notre site web n'implique une cession, une transmission ou tout autre type de renonciation, totale ou partielle, aux droits de propri\u00e9t\u00e9 intellectuelle ou industrielle.<\/p><p>La visualisation, l'impression et le t\u00e9l\u00e9chargement partiel des contenus du SITE sont autoris\u00e9s uniquement et exclusivement si les conditions suivantes sont remplies :<\/p><ul><li>qu'il soit compatible avec les objectifs du site web.<\/li><li>qu'elle est r\u00e9alis\u00e9e dans le but exclusif d'obtenir les informations qu'elle contient pour un usage personnel et priv\u00e9. L'utilisation \u00e0 des fins commerciales, de distribution, de communication publique, de transformation ou de d\u00e9compilation est express\u00e9ment interdite.<\/li><li>Qu'aucun des contenus li\u00e9s au SITE WEB ne soit modifi\u00e9 de quelque mani\u00e8re que ce soit.<\/li><li>Qu'aucun graphique, ic\u00f4ne ou image disponible sur le web ne soit utilis\u00e9, copi\u00e9 ou distribu\u00e9 s\u00e9par\u00e9ment du reste des images qui l'accompagnent.<\/li><li>L'utilisation non autoris\u00e9e des informations contenues sur le SITE, leur revente, ainsi que la violation des droits de propri\u00e9t\u00e9 intellectuelle ou industrielle donneront lieu aux responsabilit\u00e9s pr\u00e9vues par la loi.<\/li><\/ul><p>L'internaute qui acc\u00e8de \u00e0 nos pages ne peut que visualiser et obtenir une copie priv\u00e9e des contenus, \u00e0 condition que cette copie soit uniquement et exclusivement destin\u00e9e \u00e0 un usage personnel et priv\u00e9 ; son utilisation \u00e0 des fins commerciales est strictement interdite. Il est strictement interdit de copier, reproduire, adapter, distribuer, diffuser, modifier, commercialiser, transf\u00e9rer, communiquer publiquement et tout autre acte impliquant une infraction \u00e0 la r\u00e9glementation espagnole et\/ou internationale en vigueur en mati\u00e8re de propri\u00e9t\u00e9 intellectuelle et\/ou industrielle, ainsi que l'utilisation des contenus du site web sans l'autorisation pr\u00e9alable expresse et \u00e9crite du titulaire des droits d'exploitation.<\/p><p><strong>Acc\u00e9der et rester sur le web. Nos contenus<\/strong><\/p><p>EDUCA EDTECH n'est pas responsable de l'information contenue dans d'autres liens ou r\u00e9pertoires accessibles par le biais de notre site web. Si l'activit\u00e9 ou les informations fournies par d'autres soci\u00e9t\u00e9s par l'interm\u00e9diaire de notre site web sont ill\u00e9gales ou portent atteinte \u00e0 la propri\u00e9t\u00e9 ou aux droits d'un tiers, veuillez nous en informer afin que nous supprimions ou d\u00e9sactivions imm\u00e9diatement le lien correspondant.<\/p><p>EDUCA EDTECH ne garantit pas l'absence d'interruptions ou d'erreurs dans l'acc\u00e8s au site Web ou \u00e0 ses contenus, ni leur mise \u00e0 jour. EDUCA EDTECH effectuera, \u00e0 condition qu'il n'y ait pas de causes qui rendent impossible ou difficile l'ex\u00e9cution, et d\u00e8s qu'elle aura connaissance d'erreurs, de d\u00e9connexions ou d'absence de mise \u00e0 jour du contenu, toutes les t\u00e2ches visant \u00e0 corriger les erreurs, \u00e0 r\u00e9tablir la communication et \u00e0 mettre \u00e0 jour le contenu. Le serveur o\u00f9 est h\u00e9berg\u00e9 LE SITE WEB se trouve chez OVH, dans un h\u00e9bergement de l'entit\u00e9 espagnole Innoforma Elearning Technologies, S.L.U. avec C.I.F. B18915140 o\u00f9 sont fournis les services de maintenance et de connectivit\u00e9 dans les conditions pr\u00e9vues dans le contrat d'h\u00e9bergement disponible sur le site web du fournisseur.<\/p><p>Nous vous informons que, conform\u00e9ment \u00e0 la loi 34\/2002 sur les services de la soci\u00e9t\u00e9 de l'information (ci-apr\u00e8s LSSI), les services de la soci\u00e9t\u00e9 de l'information ne peuvent porter atteinte aux principes suivants : (I) l'ordre public, la recherche criminelle, la s\u00e9curit\u00e9 publique et la d\u00e9fense nationale ; (II) la protection de la sant\u00e9 publique et des consommateurs ; (III) le respect de la dignit\u00e9 humaine et la non-discrimination pour des raisons de race, de sexe, de religion, d'opinion, de nationalit\u00e9, de handicap ou de toute autre circonstance personnelle ou sociale ; la protection de la jeunesse et de l'enfance.<\/p><p>Nous d\u00e9fendons ces principes et, conform\u00e9ment \u00e0 la loi, nous sommes oblig\u00e9s de collaborer avec les organes comp\u00e9tents qui ordonnent l'interruption du service ou le retrait de certains messages. Par cons\u00e9quent, nous suspendrons la fourniture des services d\u00e8s que nous aurons connaissance de l'activit\u00e9 ou de l'information stock\u00e9e qui est ill\u00e9gale ou qui porte atteinte \u00e0 la propri\u00e9t\u00e9 et aux droits de tiers, sans \u00eatre responsables de l'information \u00e9mise et sans qu'EDUCA EDTECH puisse \u00eatre tenue responsable de quelque mani\u00e8re que ce soit de la suspension et de l'interruption du service contract\u00e9.<\/p><p>Nous vous informons \u00e9galement que le \"spamming\", ou l'envoi massif de courrier non sollicit\u00e9, est interdit et qu'EDUCA EDTECH suit une politique de permission marketing, nous vous demandons donc votre consentement concernant les communications commerciales par des moyens \u00e9lectroniques que nous pouvons envoyer.<\/p><p>En cons\u00e9quence de ce qui pr\u00e9c\u00e8de, et conform\u00e9ment aux dispositions du titre III du chapitre III de la LSSI, nous vous informons que (I) toutes les communications commerciales d'EDUCA EDTECH que vous recevez ont \u00e9t\u00e9 pr\u00e9alablement et express\u00e9ment autoris\u00e9es par vous ou font r\u00e9f\u00e9rence \u00e0 des produits et services d'EDUCA EDTECH similaires \u00e0 ceux initialement contract\u00e9s par vous et (II) que toutes vos donn\u00e9es personnelles utilis\u00e9es \u00e0 cette fin ont \u00e9t\u00e9 obtenues de mani\u00e8re licite, et plus pr\u00e9cis\u00e9ment, conform\u00e9ment \u00e0 la loi organique 3\/2018, du 5 d\u00e9cembre 2018, sur la protection des donn\u00e9es \u00e0 caract\u00e8re personnel et la garantie des droits num\u00e9riques (LOPDGDD) et \u00e0 ses r\u00e8glements d'application.<\/p><p>L'acc\u00e8s au SITE et l'utilisation non consensuelle qui peut \u00eatre faite de l'information qu'il contient rel\u00e8vent de la seule responsabilit\u00e9 de l'utilisateur. EDUCA EDTECH n'est pas responsable des cons\u00e9quences ou des dommages pouvant d\u00e9couler de cet acc\u00e8s ou de cette utilisation, ni des erreurs de s\u00e9curit\u00e9 pouvant survenir ou des dommages pouvant \u00eatre caus\u00e9s au syst\u00e8me informatique (mat\u00e9riel et logiciel) de l'utilisateur, ou aux fichiers ou documents qui y sont stock\u00e9s, en raison : o de la pr\u00e9sence d'un virus sur l'ordinateur de l'utilisateur utilis\u00e9 pour se connecter aux services et aux contenus du site Web ; o d'un mauvais fonctionnement du navigateur ; ou de l'utilisation de versions non actualis\u00e9es de ce dernier.<\/p><p>L'utilisateur est enti\u00e8rement responsable de son comportement lorsqu'il acc\u00e8de aux informations du site, lorsqu'il le parcourt, ainsi qu'apr\u00e8s y avoir acc\u00e9d\u00e9. En cons\u00e9quence de ce qui pr\u00e9c\u00e8de, l'utilisateur est seul responsable vis-\u00e0-vis d'EDUCA EDTECH et des tiers pour :<\/p><ul><li>les cons\u00e9quences pouvant d\u00e9couler de l'utilisation, \u00e0 des fins ou \u00e0 des effets illicites ou contraires aux pr\u00e9sentes mentions l\u00e9gales, de tout contenu du site, qu'il soit ou non produit par EDUCA EDTECH et qu'il soit ou non publi\u00e9 sous son nom de mani\u00e8re officielleg.<\/li><li>les cons\u00e9quences pouvant d\u00e9couler d'une utilisation contraire au contenu du pr\u00e9sent avis juridique et pr\u00e9judiciable aux int\u00e9r\u00eats ou aux droits de tiers, ou qui, de quelque mani\u00e8re que ce soit, endommage, d\u00e9sactive ou compromet le site web ou ses services, ou en emp\u00eache la jouissance normale par d'autres utilisateurs.<\/li><\/ul><p>\u00a0EDUCA EDTECH se r\u00e9serve le droit de mettre \u00e0 jour les contenus lorsqu'elle le juge opportun, ainsi que de les supprimer, de les limiter ou d'en emp\u00eacher l'acc\u00e8s, de mani\u00e8re temporaire ou permanente, ainsi que de refuser l'acc\u00e8s au site web \u00e0 l'utilisateur qui utilise les contenus de mani\u00e8re abusive et\/ou qui viole l'une des conditions figurant dans le pr\u00e9sent avis juridique.<\/p><\/div><\/div><\/div><\/div>\t\t\t\t\t\t<\/div>\n\t\t\t\t<\/div>\n\t\t\t\t\t<\/div>\n\t\t\t\t<\/div>\n\t\t\t\t<\/div>","protected":false},"excerpt":{"rendered":"<p>AVIS L\u00c9GAL DONN\u00c9ES DU PROPRI\u00c9TAIRE NOM COMMERCIAL : EDUCA EDTECH, B.V. Registre KVK : 86269941 BTW : NL863915887B01 ADRESSE : Weteringschans 165 C, 1017 [...]<\/p>","protected":false},"author":1,"featured_media":0,"parent":0,"menu_order":0,"comment_status":"closed","ping_status":"closed","template":"","meta":{"_acf_changed":false,"site-sidebar-layout":"no-sidebar","site-content-layout":"","ast-site-content-layout":"full-width-container","site-content-style":"default","site-sidebar-style":"default","ast-global-header-display":"","ast-banner-title-visibility":"","ast-main-header-display":"","ast-hfb-above-header-display":"","ast-hfb-below-header-display":"","ast-hfb-mobile-header-display":"","site-post-title":"disabled","ast-breadcrumbs-content":"","ast-featured-img":"disabled","footer-sml-layout":"","theme-transparent-header-meta":"","adv-header-id-meta":"","stick-header-meta":"","header-above-stick-meta":"","header-main-stick-meta":"","header-below-stick-meta":"","astra-migrate-meta-layouts":"default","ast-page-background-enabled":"default","ast-page-background-meta":{"desktop":{"background-color":"var(--ast-global-color-4)","background-image":"","background-repeat":"repeat","background-position":"center center","background-size":"auto","background-attachment":"scroll","background-type":"","background-media":"","overlay-type":"","overlay-color":"","overlay-opacity":"","overlay-gradient":""},"tablet":{"background-color":"","background-image":"","background-repeat":"repeat","background-position":"center center","background-size":"auto","background-attachment":"scroll","background-type":"","background-media":"","overlay-type":"","overlay-color":"","overlay-opacity":"","overlay-gradient":""},"mobile":{"background-color":"","background-image":"","background-repeat":"repeat","background-position":"center center","background-size":"auto","background-attachment":"scroll","background-type":"","background-media":"","overlay-type":"","overlay-color":"","overlay-opacity":"","overlay-gradient":""}},"ast-content-background-meta":{"desktop":{"background-color":"var(--ast-global-color-5)","background-image":"","background-repeat":"repeat","background-position":"center center","background-size":"auto","background-attachment":"scroll","background-type":"","background-media":"","overlay-type":"","overlay-color":"","overlay-opacity":"","overlay-gradient":""},"tablet":{"background-color":"var(--ast-global-color-5)","background-image":"","background-repeat":"repeat","background-position":"center center","background-size":"auto","background-attachment":"scroll","background-type":"","background-media":"","overlay-type":"","overlay-color":"","overlay-opacity":"","overlay-gradient":""},"mobile":{"background-color":"var(--ast-global-color-5)","background-image":"","background-repeat":"repeat","background-position":"center center","background-size":"auto","background-attachment":"scroll","background-type":"","background-media":"","overlay-type":"","overlay-color":"","overlay-opacity":"","overlay-gradient":""}},"footnotes":""},"class_list":["post-1144","page","type-page","status-publish","hentry"],"acf":[],"yoast_head":"<!-- This site is optimized with the Yoast SEO plugin v23.4 - https:\/\/yoast.com\/wordpress\/plugins\/seo\/ -->\n<title>Aviso legal - Grupo EDUCA EDTECH<\/title>\n<meta name=\"robots\" content=\"index, follow, max-snippet:-1, max-image-preview:large, max-video-preview:-1\" \/>\n<link rel=\"canonical\" href=\"https:\/\/educaedtech.com\/fr\/avis-juridique\/\" \/>\n<meta property=\"og:locale\" content=\"fr_FR\" \/>\n<meta property=\"og:type\" content=\"article\" \/>\n<meta property=\"og:title\" content=\"Aviso legal - Grupo EDUCA EDTECH\" \/>\n<meta property=\"og:description\" content=\"LEGAL NOTICE DATOS DEL TITULAR BUSINESS NAME: EDUCA EDTECH, B.V. KVK Register: 86269941 BTW: NL863915887B01 ADRESS: Weteringschans 165 C, 1017 [&hellip;]\" \/>\n<meta property=\"og:url\" content=\"https:\/\/educaedtech.com\/fr\/avis-juridique\/\" \/>\n<meta property=\"og:site_name\" content=\"Grupo EDUCA EDTECH\" \/>\n<meta property=\"article:modified_time\" content=\"2024-01-24T12:50:10+00:00\" \/>\n<meta name=\"twitter:card\" content=\"summary_large_image\" \/>\n<meta name=\"twitter:label1\" content=\"Dur\u00e9e de lecture estim\u00e9e\" \/>\n\t<meta name=\"twitter:data1\" content=\"13 minutes\" \/>\n<script type=\"application\/ld+json\" class=\"yoast-schema-graph\">{\"@context\":\"https:\/\/schema.org\",\"@graph\":[{\"@type\":\"WebPage\",\"@id\":\"https:\/\/educaedtech.com\/fr\/avis-juridique\/\",\"url\":\"https:\/\/educaedtech.com\/fr\/avis-juridique\/\",\"name\":\"Aviso legal - Grupo EDUCA EDTECH\",\"isPartOf\":{\"@id\":\"https:\/\/educaedtech.com\/fr\/#website\"},\"datePublished\":\"2024-01-18T08:38:03+00:00\",\"dateModified\":\"2024-01-24T12:50:10+00:00\",\"breadcrumb\":{\"@id\":\"https:\/\/educaedtech.com\/fr\/avis-juridique\/#breadcrumb\"},\"inLanguage\":\"fr-FR\",\"potentialAction\":[{\"@type\":\"ReadAction\",\"target\":[\"https:\/\/educaedtech.com\/fr\/avis-juridique\/\"]}]},{\"@type\":\"BreadcrumbList\",\"@id\":\"https:\/\/educaedtech.com\/fr\/avis-juridique\/#breadcrumb\",\"itemListElement\":[{\"@type\":\"ListItem\",\"position\":1,\"name\":\"Home\",\"item\":\"https:\/\/educaedtech.com\/\"},{\"@type\":\"ListItem\",\"position\":2,\"name\":\"Aviso legal\"}]},{\"@type\":\"WebSite\",\"@id\":\"https:\/\/educaedtech.com\/fr\/#website\",\"url\":\"https:\/\/educaedtech.com\/fr\/\",\"name\":\"Grupo EDUCA EDTECH\",\"description\":\"\",\"publisher\":{\"@id\":\"https:\/\/educaedtech.com\/fr\/#organization\"},\"potentialAction\":[{\"@type\":\"SearchAction\",\"target\":{\"@type\":\"EntryPoint\",\"urlTemplate\":\"https:\/\/educaedtech.com\/fr\/?s={search_term_string}\"},\"query-input\":{\"@type\":\"PropertyValueSpecification\",\"valueRequired\":true,\"valueName\":\"search_term_string\"}}],\"inLanguage\":\"fr-FR\"},{\"@type\":\"Organization\",\"@id\":\"https:\/\/educaedtech.com\/fr\/#organization\",\"name\":\"Grupo EDUCA EDTECH\",\"url\":\"https:\/\/educaedtech.com\/fr\/\",\"logo\":{\"@type\":\"ImageObject\",\"inLanguage\":\"fr-FR\",\"@id\":\"https:\/\/educaedtech.com\/fr\/#\/schema\/logo\/image\/\",\"url\":\"https:\/\/educaedtech.com\/wp-content\/uploads\/2024\/01\/Logo-Educa-Edtech-Group-Blanco.svg\",\"contentUrl\":\"https:\/\/educaedtech.com\/wp-content\/uploads\/2024\/01\/Logo-Educa-Edtech-Group-Blanco.svg\",\"width\":317,\"height\":108,\"caption\":\"Grupo EDUCA EDTECH\"},\"image\":{\"@id\":\"https:\/\/educaedtech.com\/fr\/#\/schema\/logo\/image\/\"}}]}<\/script>\n<!-- \/ Yoast SEO plugin. -->","yoast_head_json":{"title":"Aviso legal - Grupo EDUCA EDTECH","robots":{"index":"index","follow":"follow","max-snippet":"max-snippet:-1","max-image-preview":"max-image-preview:large","max-video-preview":"max-video-preview:-1"},"canonical":"https:\/\/educaedtech.com\/fr\/avis-juridique\/","og_locale":"fr_FR","og_type":"article","og_title":"Aviso legal - Grupo EDUCA EDTECH","og_description":"LEGAL NOTICE DATOS DEL TITULAR BUSINESS NAME: EDUCA EDTECH, B.V. KVK Register: 86269941 BTW: NL863915887B01 ADRESS: Weteringschans 165 C, 1017 [&hellip;]","og_url":"https:\/\/educaedtech.com\/fr\/avis-juridique\/","og_site_name":"Grupo EDUCA EDTECH","article_modified_time":"2024-01-24T12:50:10+00:00","twitter_card":"summary_large_image","twitter_misc":{"Dur\u00e9e de lecture estim\u00e9e":"13 minutes"},"schema":{"@context":"https:\/\/schema.org","@graph":[{"@type":"WebPage","@id":"https:\/\/educaedtech.com\/fr\/avis-juridique\/","url":"https:\/\/educaedtech.com\/fr\/avis-juridique\/","name":"Aviso legal - Grupo EDUCA EDTECH","isPartOf":{"@id":"https:\/\/educaedtech.com\/fr\/#website"},"datePublished":"2024-01-18T08:38:03+00:00","dateModified":"2024-01-24T12:50:10+00:00","breadcrumb":{"@id":"https:\/\/educaedtech.com\/fr\/avis-juridique\/#breadcrumb"},"inLanguage":"fr-FR","potentialAction":[{"@type":"ReadAction","target":["https:\/\/educaedtech.com\/fr\/avis-juridique\/"]}]},{"@type":"BreadcrumbList","@id":"https:\/\/educaedtech.com\/fr\/avis-juridique\/#breadcrumb","itemListElement":[{"@type":"ListItem","position":1,"name":"Home","item":"https:\/\/educaedtech.com\/"},{"@type":"ListItem","position":2,"name":"Aviso legal"}]},{"@type":"WebSite","@id":"https:\/\/educaedtech.com\/fr\/#website","url":"https:\/\/educaedtech.com\/fr\/","name":"Grupo EDUCA EDTECH","description":"","publisher":{"@id":"https:\/\/educaedtech.com\/fr\/#organization"},"potentialAction":[{"@type":"SearchAction","target":{"@type":"EntryPoint","urlTemplate":"https:\/\/educaedtech.com\/fr\/?s={search_term_string}"},"query-input":{"@type":"PropertyValueSpecification","valueRequired":true,"valueName":"search_term_string"}}],"inLanguage":"fr-FR"},{"@type":"Organization","@id":"https:\/\/educaedtech.com\/fr\/#organization","name":"Grupo EDUCA EDTECH","url":"https:\/\/educaedtech.com\/fr\/","logo":{"@type":"ImageObject","inLanguage":"fr-FR","@id":"https:\/\/educaedtech.com\/fr\/#\/schema\/logo\/image\/","url":"https:\/\/educaedtech.com\/wp-content\/uploads\/2024\/01\/Logo-Educa-Edtech-Group-Blanco.svg","contentUrl":"https:\/\/educaedtech.com\/wp-content\/uploads\/2024\/01\/Logo-Educa-Edtech-Group-Blanco.svg","width":317,"height":108,"caption":"Grupo EDUCA EDTECH"},"image":{"@id":"https:\/\/educaedtech.com\/fr\/#\/schema\/logo\/image\/"}}]}},"_links":{"self":[{"href":"https:\/\/educaedtech.com\/fr\/wp-json\/wp\/v2\/pages\/1144","targetHints":{"allow":["GET"]}}],"collection":[{"href":"https:\/\/educaedtech.com\/fr\/wp-json\/wp\/v2\/pages"}],"about":[{"href":"https:\/\/educaedtech.com\/fr\/wp-json\/wp\/v2\/types\/page"}],"author":[{"embeddable":true,"href":"https:\/\/educaedtech.com\/fr\/wp-json\/wp\/v2\/users\/1"}],"replies":[{"embeddable":true,"href":"https:\/\/educaedtech.com\/fr\/wp-json\/wp\/v2\/comments?post=1144"}],"version-history":[{"count":13,"href":"https:\/\/educaedtech.com\/fr\/wp-json\/wp\/v2\/pages\/1144\/revisions"}],"predecessor-version":[{"id":1551,"href":"https:\/\/educaedtech.com\/fr\/wp-json\/wp\/v2\/pages\/1144\/revisions\/1551"}],"wp:attachment":[{"href":"https:\/\/educaedtech.com\/fr\/wp-json\/wp\/v2\/media?parent=1144"}],"curies":[{"name":"wp","href":"https:\/\/api.w.org\/{rel}","templated":true}]}}