{"id":1144,"date":"2024-01-18T09:38:03","date_gmt":"2024-01-18T08:38:03","guid":{"rendered":"https:\/\/educaedtech.com\/?page_id=1144"},"modified":"2024-01-24T13:50:10","modified_gmt":"2024-01-24T12:50:10","slug":"aviso-legal","status":"publish","type":"page","link":"https:\/\/educaedtech.com\/it\/avviso-legale\/","title":{"rendered":"Avviso legale"},"content":{"rendered":"<div data-elementor-type=\"wp-page\" data-elementor-id=\"1144\" class=\"elementor elementor-1144\" data-elementor-post-type=\"page\">\n\t\t\t\t<div class=\"elementor-element elementor-element-b828744 e-con-full e-flex e-con e-parent\" data-id=\"b828744\" data-element_type=\"container\" data-settings=\"{&quot;background_background&quot;:&quot;classic&quot;}\">\n\t\t<div class=\"elementor-element elementor-element-cef04b2 e-flex e-con-boxed e-con e-child\" data-id=\"cef04b2\" data-element_type=\"container\">\n\t\t\t\t\t<div class=\"e-con-inner\">\n\t\t\t\t\t<\/div>\n\t\t\t\t<\/div>\n\t\t\t\t<\/div>\n\t\t<div class=\"elementor-element elementor-element-9d12be8 e-flex e-con-boxed e-con e-parent\" data-id=\"9d12be8\" data-element_type=\"container\">\n\t\t\t\t\t<div class=\"e-con-inner\">\n\t\t\t\t<div class=\"elementor-element elementor-element-6ffe37f elementor-widget elementor-widget-text-editor\" data-id=\"6ffe37f\" data-element_type=\"widget\" data-widget_type=\"text-editor.default\">\n\t\t\t\t<div class=\"elementor-widget-container\">\n\t\t\t\t\t\t\t<div class=\"elementor-element elementor-element-ba73a22 e-flex e-con-boxed e-con e-parent\" data-id=\"ba73a22\" data-element_type=\"container\" data-settings=\"{&quot;content_width&quot;:&quot;boxed&quot;}\" data-core-v316-plus=\"true\"><div class=\"e-con-inner\"><div class=\"elementor-element elementor-element-dc0ae03 elementor-widget elementor-widget-heading\" data-id=\"dc0ae03\" data-element_type=\"widget\" data-widget_type=\"heading.default\"><div class=\"elementor-widget-container\"><h1 class=\"elementor-heading-title elementor-size-default\">AVVISO LEGALE<\/h1><\/div><\/div><\/div><\/div><div class=\"elementor-element elementor-element-3f4e8dc e-flex e-con-boxed e-con e-parent\" data-id=\"3f4e8dc\" data-element_type=\"container\" data-settings=\"{&quot;content_width&quot;:&quot;boxed&quot;}\" data-core-v316-plus=\"true\"><div class=\"e-con-inner\"><div class=\"elementor-element elementor-element-1e04564 elementor-widget elementor-widget-text-editor\" data-id=\"1e04564\" data-element_type=\"widget\" data-widget_type=\"text-editor.default\"><div class=\"elementor-widget-container\"><p><strong>DATI DEL TITOLARE<\/strong><\/p><ul><li><strong>NOME DELL'IMPRESA<\/strong>: EDUCA EDTECH, B.V.<\/li><li><strong>Registro KVK<\/strong>: 86269941<\/li><li><strong>BTW<\/strong>DATA DI NASCITA: NL863915887B01<\/li><li><strong>INDIRIZZO<\/strong>Weteringschans 165 C, 1017 XD - Amsterdam<\/li><li><strong>Posta<\/strong>: business@educa-edtech.com<\/li><li><strong>Telefono:<\/strong>\u00a0+31 685 48 97 47<\/li><\/ul><p>Vi informiamo che l'accesso e l'utilizzo del sito web\u00a0<a href=\"https:\/\/educaedtech.com\/it\/\">www.educaedtech.com<\/a>\u00a0cos\u00ec come la contrattazione di qualsiasi prodotto e servizio di\u00a0<a href=\"https:\/\/educaedtech.com\/it\/\">www.educaedtech.com<\/a>\u00a0\u00e8 soggetto alle presenti condizioni d'uso, che si consiglia di leggere attentamente. L'accesso a questo sito web implica la sua automatica e incondizionata accettazione e implica di agire all'interno di questo sito web in conformit\u00e0 con esse. L'utente si impegna a utilizzare il sito web in conformit\u00e0 alla legge, al presente avviso legale, ai regolamenti e alle istruzioni di cui \u00e8 a conoscenza, nonch\u00e9 alla morale, ai buoni costumi generalmente accettati e all'ordine pubblico.<\/p><p>EDUCA EDTECH detiene tutti i diritti sul contenuto, sul design e sul codice sorgente di questo sito web, in particolare, ma non solo, sui prodotti, le fotografie, le immagini, i disegni, i testi, gli audio, i video, il software, i loghi e il design. Tali diritti sono protetti dalla legislazione spagnola e internazionale vigente in materia di propriet\u00e0 intellettuale e industriale. Allo stesso modo, e senza pregiudizio per quanto sopra, il contenuto di questo sito web \u00e8 considerato anche un programma informatico, e pertanto sono applicabili tutte le normative spagnole e comunitarie vigenti in materia.<\/p><p>\u00c8 espressamente vietata la riproduzione totale o parziale di questo sito web, o di qualsiasi suo contenuto, senza l'espressa autorizzazione scritta di EDUCA EDTECH. I diritti sui contenuti appartengono a EDUCA EDTECH o, se del caso, a terzi. In nessun caso l'accesso al nostro sito web implica il trasferimento, la trasmissione o qualsiasi altro tipo di rinuncia, totale o parziale, ai diritti di propriet\u00e0 intellettuale o industriale.<\/p><p>La visualizzazione, la stampa e il download parziale dei contenuti del SITO WEB sono autorizzati solo ed esclusivamente se sono soddisfatte le seguenti condizioni:<\/p><ul><li>Che sia compatibile con gli scopi del SITO WEB.<\/li><li>Che \u00e8 fatto con l'esclusivo scopo di ottenere le informazioni in esso contenute per uso personale e privato. \u00c8 espressamente vietato l'uso a fini commerciali o di distribuzione, comunicazione pubblica, trasformazione o decompilazione.<\/li><li>Che nessuno dei contenuti relativi al SITO WEB venga modificato in alcun modo.<\/li><li>Che nessun grafico, icona o immagine disponibile sul Web venga utilizzato, copiato o distribuito separatamente dal resto delle immagini che lo accompagnano.<\/li><li>L'uso non autorizzato delle informazioni contenute nel SITO, la loro rivendita, nonch\u00e9 la violazione dei diritti di propriet\u00e0 intellettuale o industriale daranno luogo alle responsabilit\u00e0 previste dalla legge.<\/li><\/ul><p>L'utente di Internet che accede alle nostre pagine pu\u00f2 solo visualizzare e ottenere una copia privata dei contenuti, purch\u00e9 tale copia sia solo ed esclusivamente per uso personale e privato; \u00e8 severamente vietato l'uso a fini commerciali. \u00c8 severamente vietato copiare, riprodurre, adattare, distribuire, modificare, commercializzare, trasferire, comunicare pubblicamente e qualsiasi altro atto che comporti una violazione delle normative spagnole e\/o internazionali vigenti in materia di propriet\u00e0 intellettuale e\/o industriale, nonch\u00e9 l'utilizzo dei contenuti del sito web senza la previa ed esplicita autorizzazione scritta del titolare dei diritti di sfruttamento.<\/p><p><strong>Accedere e rimanere sul web. I nostri contenuti<\/strong><\/p><p>EDUCA EDTECH non \u00e8 responsabile delle informazioni contenute in altri link o elenchi a cui si accede attraverso il nostro sito web. Se l'attivit\u00e0 o le informazioni fornite da altre aziende attraverso il nostro sito web sono illegali o danneggiano la propriet\u00e0 o i diritti di terzi, vi preghiamo di informarci al fine di rimuovere o disattivare immediatamente il link corrispondente.<\/p><p>EDUCA EDTECH non garantisce l'assenza di interruzioni o errori nell'accesso alla Web o ai suoi contenuti, n\u00e9 il loro aggiornamento. EDUCA EDTECH eseguir\u00e0, sempre che non vi siano cause che ne rendano impossibile o difficile l'esecuzione, e non appena verr\u00e0 a conoscenza di eventuali errori, disconnessioni o mancato aggiornamento dei contenuti, tutte quelle attivit\u00e0 volte a correggere gli errori, ristabilire la comunicazione e aggiornare i contenuti. Il server su cui \u00e8 ospitato IL SITO WEB \u00e8 OVH, in un hosting dell'entit\u00e0 spagnola Innoforma Elearning Technologies, S.L.U. con C.I.F. B18915140 dove vengono forniti servizi di manutenzione e connettivit\u00e0 alle condizioni stabilite nel contratto di hosting disponibile sul sito web del provider.<\/p><p>Vi informiamo che, ai sensi della Legge 34\/2002 sui Servizi della Societ\u00e0 dell'Informazione (di seguito LSSI), i servizi della societ\u00e0 dell'informazione non possono violare i seguenti principi: (I) l'ordine pubblico, le indagini penali, la sicurezza pubblica e la difesa nazionale; (II) la tutela della salute pubblica e dei consumatori; (III) il rispetto della dignit\u00e0 umana e la non discriminazione per motivi di razza, sesso, religione, opinione, nazionalit\u00e0, disabilit\u00e0 o qualsiasi altra circostanza personale o sociale; la tutela dei giovani e dei bambini.<\/p><p>Difendiamo questi principi e in conformit\u00e0 con la Legge siamo obbligati a collaborare con gli organi competenti che ordinano l'interruzione del servizio o la rimozione di determinati messaggi; di conseguenza, sospenderemo la fornitura dei servizi non appena saremo effettivamente a conoscenza che l'attivit\u00e0 o le informazioni memorizzate sono illegali o ledono la propriet\u00e0 e i diritti di terzi, non essendo responsabili delle informazioni emesse n\u00e9 EDUCA EDTECH potr\u00e0 essere ritenuta responsabile di alcun tipo per la sospensione e l'interruzione del servizio contrattato.<\/p><p>Vi informiamo inoltre che lo \"spamming\", ovvero l'invio di posta indesiderata in massa, \u00e8 vietato e che EDUCA EDTECH segue una politica di permission marketing, per cui chiediamo il vostro consenso in merito alle comunicazioni commerciali tramite mezzi elettronici che possiamo inviare.<\/p><p>In conseguenza di quanto sopra, e in conformit\u00e0 con le disposizioni del Titolo III del Capitolo III della LSSI, vi informiamo che (I) tutte le comunicazioni commerciali di EDUCA EDTECH che ricevete sono state preventivamente ed espressamente autorizzate da voi o si riferiscono a prodotti e servizi EDUCA EDTECH simili a quelli da voi inizialmente contrattati e (II) che tutti i vostri dati personali utilizzati a tal fine sono stati ottenuti in modo lecito, e, in particolare, in conformit\u00e0 alla Legge Organica 3\/2018, del 5 dicembre 2018, sulla protezione dei dati personali e la garanzia dei diritti digitali (LOPDGDD) e ai relativi regolamenti di attuazione.<\/p><p>L'accesso al SITO WEB e l'uso non consensuale che pu\u00f2 essere fatto delle informazioni in esso contenute sono di esclusiva responsabilit\u00e0 dell'utente. EDUCA EDTECH non sar\u00e0 responsabile di alcuna conseguenza o danno che possa derivare da tale accesso o utilizzo, n\u00e9 sar\u00e0 responsabile di eventuali errori di sicurezza che possano verificarsi o di eventuali danni che possano essere causati al sistema informatico dell'utente (hardware e software), o ai file o ai documenti in esso memorizzati, in conseguenza di: o la presenza di un virus sul computer dell'utente utilizzato per connettersi ai servizi e ai contenuti del Sito web; o un malfunzionamento del browser; o l'utilizzo di versioni non aggiornate dello stesso.<\/p><p>L'utente \u00e8 interamente responsabile del suo comportamento durante l'accesso alle informazioni presenti sul sito, durante la navigazione e dopo avervi fatto accesso. In conseguenza di quanto sopra, l'utente \u00e8 l'unico responsabile nei confronti di EDUCA EDTECH e di terzi per:<\/p><ul><li>qualsiasi conseguenza che possa derivare dall'uso, per scopi o effetti illegali o contrari al presente Avviso Legale, di qualsiasi contenuto del sito, sia esso prodotto o meno da EDUCA EDTECH e sia esso pubblicato o meno sotto il suo nome in modo ufficiale<\/li><li>le conseguenze che possono derivare da un utilizzo contrario al contenuto del presente Avviso Legale e lesivo degli interessi o dei diritti di terzi, o che in qualsiasi modo danneggi, disabiliti o comprometta il sito web o i suoi servizi o ne impedisca il normale utilizzo da parte di altri utenti.<\/li><\/ul><p>\u00a0EDUCA EDTECH si riserva il diritto di aggiornare i contenuti quando lo ritenga opportuno, nonch\u00e9 di rimuoverli, limitarne o impedirne l'accesso, temporaneamente o permanentemente, cos\u00ec come di negare l'accesso al sito web all'utente che faccia un uso improprio dei contenuti e\/o violi una qualsiasi delle condizioni che compaiono nel presente Avviso legale.<\/p><\/div><\/div><\/div><\/div>\t\t\t\t\t\t<\/div>\n\t\t\t\t<\/div>\n\t\t\t\t\t<\/div>\n\t\t\t\t<\/div>\n\t\t\t\t<\/div>","protected":false},"excerpt":{"rendered":"<p>AVVISO LEGALE DATI DEL PROPRIETARIO NOME DELL'IMPRESA: EDUCA EDTECH, B.V. Registro KVK: 86269941 BTW: NL863915887B01 INDIRIZZO: Weteringschans 165 C, 1017 [...]<\/p>","protected":false},"author":1,"featured_media":0,"parent":0,"menu_order":0,"comment_status":"closed","ping_status":"closed","template":"","meta":{"_acf_changed":false,"site-sidebar-layout":"no-sidebar","site-content-layout":"","ast-site-content-layout":"full-width-container","site-content-style":"default","site-sidebar-style":"default","ast-global-header-display":"","ast-banner-title-visibility":"","ast-main-header-display":"","ast-hfb-above-header-display":"","ast-hfb-below-header-display":"","ast-hfb-mobile-header-display":"","site-post-title":"disabled","ast-breadcrumbs-content":"","ast-featured-img":"disabled","footer-sml-layout":"","theme-transparent-header-meta":"","adv-header-id-meta":"","stick-header-meta":"","header-above-stick-meta":"","header-main-stick-meta":"","header-below-stick-meta":"","astra-migrate-meta-layouts":"default","ast-page-background-enabled":"default","ast-page-background-meta":{"desktop":{"background-color":"var(--ast-global-color-4)","background-image":"","background-repeat":"repeat","background-position":"center center","background-size":"auto","background-attachment":"scroll","background-type":"","background-media":"","overlay-type":"","overlay-color":"","overlay-opacity":"","overlay-gradient":""},"tablet":{"background-color":"","background-image":"","background-repeat":"repeat","background-position":"center center","background-size":"auto","background-attachment":"scroll","background-type":"","background-media":"","overlay-type":"","overlay-color":"","overlay-opacity":"","overlay-gradient":""},"mobile":{"background-color":"","background-image":"","background-repeat":"repeat","background-position":"center center","background-size":"auto","background-attachment":"scroll","background-type":"","background-media":"","overlay-type":"","overlay-color":"","overlay-opacity":"","overlay-gradient":""}},"ast-content-background-meta":{"desktop":{"background-color":"var(--ast-global-color-5)","background-image":"","background-repeat":"repeat","background-position":"center center","background-size":"auto","background-attachment":"scroll","background-type":"","background-media":"","overlay-type":"","overlay-color":"","overlay-opacity":"","overlay-gradient":""},"tablet":{"background-color":"var(--ast-global-color-5)","background-image":"","background-repeat":"repeat","background-position":"center center","background-size":"auto","background-attachment":"scroll","background-type":"","background-media":"","overlay-type":"","overlay-color":"","overlay-opacity":"","overlay-gradient":""},"mobile":{"background-color":"var(--ast-global-color-5)","background-image":"","background-repeat":"repeat","background-position":"center center","background-size":"auto","background-attachment":"scroll","background-type":"","background-media":"","overlay-type":"","overlay-color":"","overlay-opacity":"","overlay-gradient":""}},"footnotes":""},"class_list":["post-1144","page","type-page","status-publish","hentry"],"acf":[],"yoast_head":"<!-- This site is optimized with the Yoast SEO plugin v23.4 - https:\/\/yoast.com\/wordpress\/plugins\/seo\/ -->\n<title>Aviso legal - Grupo EDUCA EDTECH<\/title>\n<meta name=\"robots\" content=\"index, follow, max-snippet:-1, max-image-preview:large, max-video-preview:-1\" \/>\n<link rel=\"canonical\" href=\"https:\/\/educaedtech.com\/it\/avviso-legale\/\" \/>\n<meta property=\"og:locale\" content=\"it_IT\" \/>\n<meta property=\"og:type\" content=\"article\" \/>\n<meta property=\"og:title\" content=\"Aviso legal - Grupo EDUCA EDTECH\" \/>\n<meta property=\"og:description\" content=\"LEGAL NOTICE DATOS DEL TITULAR BUSINESS NAME: EDUCA EDTECH, B.V. KVK Register: 86269941 BTW: NL863915887B01 ADRESS: Weteringschans 165 C, 1017 [&hellip;]\" \/>\n<meta property=\"og:url\" content=\"https:\/\/educaedtech.com\/it\/avviso-legale\/\" \/>\n<meta property=\"og:site_name\" content=\"Grupo EDUCA EDTECH\" \/>\n<meta property=\"article:modified_time\" content=\"2024-01-24T12:50:10+00:00\" \/>\n<meta name=\"twitter:card\" content=\"summary_large_image\" \/>\n<meta name=\"twitter:label1\" content=\"Tempo di lettura stimato\" \/>\n\t<meta name=\"twitter:data1\" content=\"13 minuti\" \/>\n<script type=\"application\/ld+json\" class=\"yoast-schema-graph\">{\"@context\":\"https:\/\/schema.org\",\"@graph\":[{\"@type\":\"WebPage\",\"@id\":\"https:\/\/educaedtech.com\/it\/avviso-legale\/\",\"url\":\"https:\/\/educaedtech.com\/it\/avviso-legale\/\",\"name\":\"Aviso legal - Grupo EDUCA EDTECH\",\"isPartOf\":{\"@id\":\"https:\/\/educaedtech.com\/it\/#website\"},\"datePublished\":\"2024-01-18T08:38:03+00:00\",\"dateModified\":\"2024-01-24T12:50:10+00:00\",\"breadcrumb\":{\"@id\":\"https:\/\/educaedtech.com\/it\/avviso-legale\/#breadcrumb\"},\"inLanguage\":\"it-IT\",\"potentialAction\":[{\"@type\":\"ReadAction\",\"target\":[\"https:\/\/educaedtech.com\/it\/avviso-legale\/\"]}]},{\"@type\":\"BreadcrumbList\",\"@id\":\"https:\/\/educaedtech.com\/it\/avviso-legale\/#breadcrumb\",\"itemListElement\":[{\"@type\":\"ListItem\",\"position\":1,\"name\":\"Home\",\"item\":\"https:\/\/educaedtech.com\/\"},{\"@type\":\"ListItem\",\"position\":2,\"name\":\"Aviso legal\"}]},{\"@type\":\"WebSite\",\"@id\":\"https:\/\/educaedtech.com\/it\/#website\",\"url\":\"https:\/\/educaedtech.com\/it\/\",\"name\":\"Grupo EDUCA EDTECH\",\"description\":\"\",\"publisher\":{\"@id\":\"https:\/\/educaedtech.com\/it\/#organization\"},\"potentialAction\":[{\"@type\":\"SearchAction\",\"target\":{\"@type\":\"EntryPoint\",\"urlTemplate\":\"https:\/\/educaedtech.com\/it\/?s={search_term_string}\"},\"query-input\":{\"@type\":\"PropertyValueSpecification\",\"valueRequired\":true,\"valueName\":\"search_term_string\"}}],\"inLanguage\":\"it-IT\"},{\"@type\":\"Organization\",\"@id\":\"https:\/\/educaedtech.com\/it\/#organization\",\"name\":\"Grupo EDUCA EDTECH\",\"url\":\"https:\/\/educaedtech.com\/it\/\",\"logo\":{\"@type\":\"ImageObject\",\"inLanguage\":\"it-IT\",\"@id\":\"https:\/\/educaedtech.com\/it\/#\/schema\/logo\/image\/\",\"url\":\"https:\/\/educaedtech.com\/wp-content\/uploads\/2024\/01\/Logo-Educa-Edtech-Group-Blanco.svg\",\"contentUrl\":\"https:\/\/educaedtech.com\/wp-content\/uploads\/2024\/01\/Logo-Educa-Edtech-Group-Blanco.svg\",\"width\":317,\"height\":108,\"caption\":\"Grupo EDUCA EDTECH\"},\"image\":{\"@id\":\"https:\/\/educaedtech.com\/it\/#\/schema\/logo\/image\/\"}}]}<\/script>\n<!-- \/ Yoast SEO plugin. -->","yoast_head_json":{"title":"Aviso legal - Grupo EDUCA EDTECH","robots":{"index":"index","follow":"follow","max-snippet":"max-snippet:-1","max-image-preview":"max-image-preview:large","max-video-preview":"max-video-preview:-1"},"canonical":"https:\/\/educaedtech.com\/it\/avviso-legale\/","og_locale":"it_IT","og_type":"article","og_title":"Aviso legal - Grupo EDUCA EDTECH","og_description":"LEGAL NOTICE DATOS DEL TITULAR BUSINESS NAME: EDUCA EDTECH, B.V. KVK Register: 86269941 BTW: NL863915887B01 ADRESS: Weteringschans 165 C, 1017 [&hellip;]","og_url":"https:\/\/educaedtech.com\/it\/avviso-legale\/","og_site_name":"Grupo EDUCA EDTECH","article_modified_time":"2024-01-24T12:50:10+00:00","twitter_card":"summary_large_image","twitter_misc":{"Tempo di lettura stimato":"13 minuti"},"schema":{"@context":"https:\/\/schema.org","@graph":[{"@type":"WebPage","@id":"https:\/\/educaedtech.com\/it\/avviso-legale\/","url":"https:\/\/educaedtech.com\/it\/avviso-legale\/","name":"Aviso legal - Grupo EDUCA EDTECH","isPartOf":{"@id":"https:\/\/educaedtech.com\/it\/#website"},"datePublished":"2024-01-18T08:38:03+00:00","dateModified":"2024-01-24T12:50:10+00:00","breadcrumb":{"@id":"https:\/\/educaedtech.com\/it\/avviso-legale\/#breadcrumb"},"inLanguage":"it-IT","potentialAction":[{"@type":"ReadAction","target":["https:\/\/educaedtech.com\/it\/avviso-legale\/"]}]},{"@type":"BreadcrumbList","@id":"https:\/\/educaedtech.com\/it\/avviso-legale\/#breadcrumb","itemListElement":[{"@type":"ListItem","position":1,"name":"Home","item":"https:\/\/educaedtech.com\/"},{"@type":"ListItem","position":2,"name":"Aviso legal"}]},{"@type":"WebSite","@id":"https:\/\/educaedtech.com\/it\/#website","url":"https:\/\/educaedtech.com\/it\/","name":"Grupo EDUCA EDTECH","description":"","publisher":{"@id":"https:\/\/educaedtech.com\/it\/#organization"},"potentialAction":[{"@type":"SearchAction","target":{"@type":"EntryPoint","urlTemplate":"https:\/\/educaedtech.com\/it\/?s={search_term_string}"},"query-input":{"@type":"PropertyValueSpecification","valueRequired":true,"valueName":"search_term_string"}}],"inLanguage":"it-IT"},{"@type":"Organization","@id":"https:\/\/educaedtech.com\/it\/#organization","name":"Grupo EDUCA EDTECH","url":"https:\/\/educaedtech.com\/it\/","logo":{"@type":"ImageObject","inLanguage":"it-IT","@id":"https:\/\/educaedtech.com\/it\/#\/schema\/logo\/image\/","url":"https:\/\/educaedtech.com\/wp-content\/uploads\/2024\/01\/Logo-Educa-Edtech-Group-Blanco.svg","contentUrl":"https:\/\/educaedtech.com\/wp-content\/uploads\/2024\/01\/Logo-Educa-Edtech-Group-Blanco.svg","width":317,"height":108,"caption":"Grupo EDUCA EDTECH"},"image":{"@id":"https:\/\/educaedtech.com\/it\/#\/schema\/logo\/image\/"}}]}},"_links":{"self":[{"href":"https:\/\/educaedtech.com\/it\/wp-json\/wp\/v2\/pages\/1144","targetHints":{"allow":["GET"]}}],"collection":[{"href":"https:\/\/educaedtech.com\/it\/wp-json\/wp\/v2\/pages"}],"about":[{"href":"https:\/\/educaedtech.com\/it\/wp-json\/wp\/v2\/types\/page"}],"author":[{"embeddable":true,"href":"https:\/\/educaedtech.com\/it\/wp-json\/wp\/v2\/users\/1"}],"replies":[{"embeddable":true,"href":"https:\/\/educaedtech.com\/it\/wp-json\/wp\/v2\/comments?post=1144"}],"version-history":[{"count":13,"href":"https:\/\/educaedtech.com\/it\/wp-json\/wp\/v2\/pages\/1144\/revisions"}],"predecessor-version":[{"id":1551,"href":"https:\/\/educaedtech.com\/it\/wp-json\/wp\/v2\/pages\/1144\/revisions\/1551"}],"wp:attachment":[{"href":"https:\/\/educaedtech.com\/it\/wp-json\/wp\/v2\/media?parent=1144"}],"curies":[{"name":"wp","href":"https:\/\/api.w.org\/{rel}","templated":true}]}}