{"id":1144,"date":"2024-01-18T09:38:03","date_gmt":"2024-01-18T08:38:03","guid":{"rendered":"https:\/\/educaedtech.com\/?page_id=1144"},"modified":"2024-01-24T13:50:10","modified_gmt":"2024-01-24T12:50:10","slug":"aviso-legal","status":"publish","type":"page","link":"https:\/\/educaedtech.com\/pt\/aviso-legal\/","title":{"rendered":"Aviso legal"},"content":{"rendered":"<div data-elementor-type=\"wp-page\" data-elementor-id=\"1144\" class=\"elementor elementor-1144\" data-elementor-post-type=\"page\">\n\t\t\t\t<div class=\"elementor-element elementor-element-b828744 e-con-full e-flex e-con e-parent\" data-id=\"b828744\" data-element_type=\"container\" data-settings=\"{&quot;background_background&quot;:&quot;classic&quot;}\">\n\t\t<div class=\"elementor-element elementor-element-cef04b2 e-flex e-con-boxed e-con e-child\" data-id=\"cef04b2\" data-element_type=\"container\">\n\t\t\t\t\t<div class=\"e-con-inner\">\n\t\t\t\t\t<\/div>\n\t\t\t\t<\/div>\n\t\t\t\t<\/div>\n\t\t<div class=\"elementor-element elementor-element-9d12be8 e-flex e-con-boxed e-con e-parent\" data-id=\"9d12be8\" data-element_type=\"container\">\n\t\t\t\t\t<div class=\"e-con-inner\">\n\t\t\t\t<div class=\"elementor-element elementor-element-6ffe37f elementor-widget elementor-widget-text-editor\" data-id=\"6ffe37f\" data-element_type=\"widget\" data-widget_type=\"text-editor.default\">\n\t\t\t\t<div class=\"elementor-widget-container\">\n\t\t\t\t\t\t\t<div class=\"elementor-element elementor-element-ba73a22 e-flex e-con-boxed e-con e-parent\" data-id=\"ba73a22\" data-element_type=\"container\" data-settings=\"{&quot;content_width&quot;:&quot;boxed&quot;}\" data-core-v316-plus=\"true\"><div class=\"e-con-inner\"><div class=\"elementor-element elementor-element-dc0ae03 elementor-widget elementor-widget-heading\" data-id=\"dc0ae03\" data-element_type=\"widget\" data-widget_type=\"heading.default\"><div class=\"elementor-widget-container\"><h1 class=\"elementor-heading-title elementor-size-default\">AVISO LEGAL<\/h1><\/div><\/div><\/div><\/div><div class=\"elementor-element elementor-element-3f4e8dc e-flex e-con-boxed e-con e-parent\" data-id=\"3f4e8dc\" data-element_type=\"container\" data-settings=\"{&quot;content_width&quot;:&quot;boxed&quot;}\" data-core-v316-plus=\"true\"><div class=\"e-con-inner\"><div class=\"elementor-element elementor-element-1e04564 elementor-widget elementor-widget-text-editor\" data-id=\"1e04564\" data-element_type=\"widget\" data-widget_type=\"text-editor.default\"><div class=\"elementor-widget-container\"><p><strong>DADOS DO TITULAR<\/strong><\/p><ul><li><strong>NOME DA EMPRESA<\/strong>: EDUCA EDTECH, B.V.<\/li><li><strong>Registo KVK<\/strong>: 86269941<\/li><li><strong>BTW<\/strong>DATA DE NASCIMENTO : NL863915887B01<\/li><li><strong>ENDERE\u00c7O<\/strong>Weteringschans 165 C, 1017 XD - Amesterd\u00e3o<\/li><li><strong>Correio<\/strong>: business@educa-edtech.com<\/li><li><strong>Telefone:<\/strong>\u00a0+31 685 48 97 47<\/li><\/ul><p>Informamos que o acesso e a utiliza\u00e7\u00e3o do s\u00edtio Web\u00a0<a href=\"https:\/\/educaedtech.com\/pt\/\">www.educaedtech.com<\/a>\u00a0bem como a contrata\u00e7\u00e3o de qualquer dos produtos e servi\u00e7os da\u00a0<a href=\"https:\/\/educaedtech.com\/pt\/\">www.educaedtech.com<\/a>\u00a0est\u00e1 sujeito \u00e0s presentes condi\u00e7\u00f5es de utiliza\u00e7\u00e3o, pelo que recomendamos a sua leitura atenta. O acesso a este s\u00edtio implica a sua aceita\u00e7\u00e3o autom\u00e1tica e incondicional e implica agir dentro deste s\u00edtio em conformidade com as mesmas. O utilizador compromete-se a utilizar o s\u00edtio Web em conformidade com a lei, o presente aviso legal, os regulamentos e as instru\u00e7\u00f5es levadas ao seu conhecimento, bem como com a moral, os bons costumes geralmente aceites e a ordem p\u00fablica.<\/p><p>EDUCA EDTECH \u00e9 titular de todos os direitos sobre o conte\u00fado, a conce\u00e7\u00e3o e o c\u00f3digo fonte deste s\u00edtio Web e, em particular, mas n\u00e3o exclusivamente, sobre os produtos, fotografias, imagens, desenhos, textos, \u00e1udio, v\u00eddeo, software, log\u00f3tipos e design. Estes direitos est\u00e3o protegidos pela legisla\u00e7\u00e3o espanhola e internacional em vigor em mat\u00e9ria de propriedade intelectual e industrial. Da mesma forma, e sem preju\u00edzo do anterior, o conte\u00fado deste s\u00edtio Web tamb\u00e9m \u00e9 considerado um programa inform\u00e1tico, pelo que tamb\u00e9m \u00e9 aplic\u00e1vel toda a regulamenta\u00e7\u00e3o espanhola e comunit\u00e1ria em vigor sobre a mat\u00e9ria.<\/p><p>\u00c9 expressamente proibida a reprodu\u00e7\u00e3o total ou parcial deste website, ou de qualquer dos seus conte\u00fados, sem a autoriza\u00e7\u00e3o pr\u00e9via e expressa, por escrito, da EDUCA EDTECH. Os direitos sobre os conte\u00fados pertencem \u00e0 EDUCA EDTECH ou, se for caso disso, a terceiros. O acesso ao nosso s\u00edtio Web n\u00e3o implica, em caso algum, a transfer\u00eancia, transmiss\u00e3o ou qualquer outro tipo de ren\u00fancia, total ou parcial, dos direitos de Propriedade Intelectual ou Industrial.<\/p><p>A visualiza\u00e7\u00e3o, impress\u00e3o e descarregamento parcial dos conte\u00fados do S\u00cdTIO WEB \u00e9 autorizada apenas e exclusivamente se as seguintes condi\u00e7\u00f5es forem cumpridas:<\/p><ul><li>Que \u00e9 compat\u00edvel com os objectivos do WEBSITE.<\/li><li>Que \u00e9 feito com o objetivo exclusivo de obter as informa\u00e7\u00f5es nele contidas para uso pessoal e privado. \u00c9 expressamente proibida a sua utiliza\u00e7\u00e3o para fins comerciais ou para distribui\u00e7\u00e3o, comunica\u00e7\u00e3o p\u00fablica, transforma\u00e7\u00e3o ou descompila\u00e7\u00e3o.<\/li><li>Que nenhum dos conte\u00fados relacionados com o S\u00cdTIO WEB seja modificado de forma alguma.<\/li><li>Que nenhum gr\u00e1fico, \u00edcone ou imagem dispon\u00edvel na Web seja utilizado, copiado ou distribu\u00eddo separadamente do resto das imagens que o acompanham.<\/li><li>A utiliza\u00e7\u00e3o n\u00e3o autorizada da informa\u00e7\u00e3o contida no S\u00cdTIO WEB, a sua revenda, bem como a viola\u00e7\u00e3o dos direitos de propriedade intelectual ou industrial dar\u00e1 lugar \u00e0s responsabilidades legalmente estabelecidas.<\/li><\/ul><p>O utilizador da Internet que aceda \u00e0s nossas p\u00e1ginas s\u00f3 pode visualizar e obter uma c\u00f3pia privada dos conte\u00fados, desde que essa c\u00f3pia seja \u00fanica e exclusivamente para uso pessoal e privado; a sua utiliza\u00e7\u00e3o para fins comerciais \u00e9 estritamente proibida. \u00c9 expressamente proibida a c\u00f3pia, reprodu\u00e7\u00e3o, adapta\u00e7\u00e3o, distribui\u00e7\u00e3o, difus\u00e3o, modifica\u00e7\u00e3o, comercializa\u00e7\u00e3o, cess\u00e3o, comunica\u00e7\u00e3o p\u00fablica e qualquer outro ato que implique uma infra\u00e7\u00e3o \u00e0 normativa espanhola e\/ou internacional vigente em mat\u00e9ria de propriedade intelectual e\/ou industrial, assim como a utiliza\u00e7\u00e3o dos conte\u00fados do s\u00edtio Web sem a pr\u00e9via autoriza\u00e7\u00e3o expressa e por escrito do titular dos direitos de explora\u00e7\u00e3o.<\/p><p><strong>Aceder e permanecer na Web. Os nossos conte\u00fados<\/strong><\/p><p>A EDUCA EDTECH n\u00e3o \u00e9 respons\u00e1vel pelas informa\u00e7\u00f5es contidas noutros links ou diret\u00f3rios acedidos atrav\u00e9s do nosso site. Caso a atividade ou as informa\u00e7\u00f5es fornecidas por outras empresas atrav\u00e9s do nosso site sejam il\u00edcitas ou prejudiquem a propriedade ou os direitos de terceiros, pedimos que nos informem para que possamos retirar ou desativar imediatamente a liga\u00e7\u00e3o correspondente.<\/p><p>A EDUCA EDTECH n\u00e3o garante a inexist\u00eancia de interrup\u00e7\u00f5es ou erros no acesso \u00e0 Web ou ao seu conte\u00fado, nem a sua atualiza\u00e7\u00e3o. A EDUCA EDTECH realizar\u00e1, sempre que n\u00e3o existam causas que tornem imposs\u00edvel ou dif\u00edcil a sua realiza\u00e7\u00e3o, e logo que tenha conhecimento de erros, desconex\u00f5es ou falta de atualiza\u00e7\u00e3o dos conte\u00fados, todas as tarefas destinadas a corrigir os erros, restabelecer a comunica\u00e7\u00e3o e atualizar os conte\u00fados. O servidor onde se encontra alojado o S\u00cdTIO WEB est\u00e1 na OVH, num hosting da entidade espanhola Innoforma Elearning Technologies, S.L.U. com C.I.F. B18915140 onde se prestam servi\u00e7os de manuten\u00e7\u00e3o e conetividade nas condi\u00e7\u00f5es estabelecidas no contrato de hosting dispon\u00edvel no site do fornecedor.<\/p><p>Informamos que, de acordo com a Lei 34\/2002 sobre os Servi\u00e7os da Sociedade da Informa\u00e7\u00e3o (doravante LSSI), os servi\u00e7os da sociedade da informa\u00e7\u00e3o n\u00e3o podem infringir os seguintes princ\u00edpios: (I) ordem p\u00fablica, investiga\u00e7\u00e3o criminal, seguran\u00e7a p\u00fablica e defesa nacional; (II) prote\u00e7\u00e3o da sa\u00fade p\u00fablica e dos consumidores; (III) respeito pela dignidade humana e n\u00e3o discrimina\u00e7\u00e3o em raz\u00e3o da ra\u00e7a, sexo, religi\u00e3o, opini\u00e3o, nacionalidade, defici\u00eancia ou qualquer outra circunst\u00e2ncia pessoal ou social; prote\u00e7\u00e3o dos jovens e das crian\u00e7as.<\/p><p>Defendemos estes princ\u00edpios e, em cumprimento da Lei, somos obrigados a colaborar com os \u00f3rg\u00e3os competentes que ordenem a interrup\u00e7\u00e3o do servi\u00e7o ou a remo\u00e7\u00e3o de determinadas mensagens, pelo que suspenderemos a presta\u00e7\u00e3o de servi\u00e7os logo que tenhamos conhecimento efetivo de que a atividade ou a informa\u00e7\u00e3o armazenada \u00e9 ilegal ou lesa bens e direitos de terceiros, n\u00e3o sendo respons\u00e1veis pelas informa\u00e7\u00f5es emitidas nem podendo a EDUCATECH ser responsabilizada, sob qualquer forma, pela suspens\u00e3o e interrup\u00e7\u00e3o do servi\u00e7o contratado.<\/p><p>Informamos tamb\u00e9m que o \"spamming\", ou seja, o envio de correio n\u00e3o solicitado em massa \u00e9 proibido e que a EDUCA EDTECH segue uma pol\u00edtica de marketing de permiss\u00e3o, pelo que pedimos o seu consentimento relativamente \u00e0s comunica\u00e7\u00f5es comerciais por meios electr\u00f3nicos que podemos enviar.<\/p><p>Em consequ\u00eancia do que precede, e em conformidade com o disposto no T\u00edtulo III do Cap\u00edtulo III da LSSI, informamos que (I) todas as comunica\u00e7\u00f5es comerciais da EDUCA EDTECH que receber foram pr\u00e9via e expressamente autorizadas por si ou referem-se a produtos e servi\u00e7os da EDUCA EDTECH semelhantes aos inicialmente contratados por si e (II) que todos os seus dados pessoais utilizados para este fim foram obtidos de forma l\u00edcita, e, especificamente, de acordo com a Lei Org\u00e2nica 3\/2018, de 5 de dezembro de 2018, sobre a Prote\u00e7\u00e3o de Dados Pessoais e garantia dos direitos digitais (LOPDGDD) e seus regulamentos de execu\u00e7\u00e3o.<\/p><p>Tanto o acesso ao WEBSITE como a utiliza\u00e7\u00e3o n\u00e3o consentida que possa ser feita das informa\u00e7\u00f5es nele contidas s\u00e3o da exclusiva responsabilidade do utilizador. A EDUCA EDTECH n\u00e3o ser\u00e1 respons\u00e1vel por qualquer consequ\u00eancia ou dano que possa resultar do referido acesso ou utiliza\u00e7\u00e3o, nem ser\u00e1 respons\u00e1vel por quaisquer erros de seguran\u00e7a que possam ocorrer ou por quaisquer danos que possam ser causados ao sistema inform\u00e1tico (hardware e software) do utilizador, ou aos ficheiros ou documentos nele armazenados, como resultado: o da presen\u00e7a de um v\u00edrus no computador do utilizador que \u00e9 utilizado para se ligar aos servi\u00e7os e conte\u00fados do Site; o de um mau funcionamento do navegador; ou da utiliza\u00e7\u00e3o de vers\u00f5es n\u00e3o actualizadas do mesmo.<\/p><p>O utilizador \u00e9 inteiramente respons\u00e1vel pelo seu comportamento quando acede \u00e0s informa\u00e7\u00f5es do site, quando navega no mesmo, bem como depois de o ter acedido. Em consequ\u00eancia do que precede, o utilizador \u00e9 o \u00fanico respons\u00e1vel perante a EDUCA EDTECH e terceiros por:<\/p><ul><li>as consequ\u00eancias que possam advir da utiliza\u00e7\u00e3o, para fins ou efeitos il\u00edcitos ou contr\u00e1rios ao presente Aviso Legal, de qualquer conte\u00fado do site, produzido ou n\u00e3o pela EDUCA EDTECH e publicado ou n\u00e3o em seu nome de forma oficial<\/li><li>as consequ\u00eancias que possam advir de uma utiliza\u00e7\u00e3o contr\u00e1ria ao conte\u00fado do presente Aviso Legal e lesiva dos interesses ou direitos de terceiros, ou que, de qualquer forma, danifique, inutilize ou prejudique o s\u00edtio Web ou os seus servi\u00e7os ou impe\u00e7a o normal usufruto por parte de outros utilizadores.<\/li><\/ul><p>\u00a0EDUCA EDTECH reserva-se o direito de atualizar os conte\u00fados quando considerar oportuno, bem como de suprimir, limitar ou impedir o acesso aos mesmos, de forma tempor\u00e1ria ou definitiva, bem como de recusar o acesso ao s\u00edtio Web ao utilizador que utilize indevidamente os conte\u00fados e\/ou que infrinja qualquer uma das condi\u00e7\u00f5es que constam do presente Aviso Legal.<\/p><\/div><\/div><\/div><\/div>\t\t\t\t\t\t<\/div>\n\t\t\t\t<\/div>\n\t\t\t\t\t<\/div>\n\t\t\t\t<\/div>\n\t\t\t\t<\/div>","protected":false},"excerpt":{"rendered":"<p>NOTIFICA\u00c7\u00c3O LEGAL DADOS DO PROPRIET\u00c1RIO NOME DA EMPRESA: EDUCA EDTECH, B.V. Registo KVK: 86269941 BTW: NL863915887B01 MORADA: Weteringschans 165 C, 1017 [...]<\/p>","protected":false},"author":1,"featured_media":0,"parent":0,"menu_order":0,"comment_status":"closed","ping_status":"closed","template":"","meta":{"_acf_changed":false,"site-sidebar-layout":"no-sidebar","site-content-layout":"","ast-site-content-layout":"full-width-container","site-content-style":"default","site-sidebar-style":"default","ast-global-header-display":"","ast-banner-title-visibility":"","ast-main-header-display":"","ast-hfb-above-header-display":"","ast-hfb-below-header-display":"","ast-hfb-mobile-header-display":"","site-post-title":"disabled","ast-breadcrumbs-content":"","ast-featured-img":"disabled","footer-sml-layout":"","theme-transparent-header-meta":"","adv-header-id-meta":"","stick-header-meta":"","header-above-stick-meta":"","header-main-stick-meta":"","header-below-stick-meta":"","astra-migrate-meta-layouts":"default","ast-page-background-enabled":"default","ast-page-background-meta":{"desktop":{"background-color":"var(--ast-global-color-4)","background-image":"","background-repeat":"repeat","background-position":"center center","background-size":"auto","background-attachment":"scroll","background-type":"","background-media":"","overlay-type":"","overlay-color":"","overlay-opacity":"","overlay-gradient":""},"tablet":{"background-color":"","background-image":"","background-repeat":"repeat","background-position":"center center","background-size":"auto","background-attachment":"scroll","background-type":"","background-media":"","overlay-type":"","overlay-color":"","overlay-opacity":"","overlay-gradient":""},"mobile":{"background-color":"","background-image":"","background-repeat":"repeat","background-position":"center center","background-size":"auto","background-attachment":"scroll","background-type":"","background-media":"","overlay-type":"","overlay-color":"","overlay-opacity":"","overlay-gradient":""}},"ast-content-background-meta":{"desktop":{"background-color":"var(--ast-global-color-5)","background-image":"","background-repeat":"repeat","background-position":"center center","background-size":"auto","background-attachment":"scroll","background-type":"","background-media":"","overlay-type":"","overlay-color":"","overlay-opacity":"","overlay-gradient":""},"tablet":{"background-color":"var(--ast-global-color-5)","background-image":"","background-repeat":"repeat","background-position":"center center","background-size":"auto","background-attachment":"scroll","background-type":"","background-media":"","overlay-type":"","overlay-color":"","overlay-opacity":"","overlay-gradient":""},"mobile":{"background-color":"var(--ast-global-color-5)","background-image":"","background-repeat":"repeat","background-position":"center center","background-size":"auto","background-attachment":"scroll","background-type":"","background-media":"","overlay-type":"","overlay-color":"","overlay-opacity":"","overlay-gradient":""}},"footnotes":""},"class_list":["post-1144","page","type-page","status-publish","hentry"],"acf":[],"yoast_head":"<!-- This site is optimized with the Yoast SEO plugin v23.4 - https:\/\/yoast.com\/wordpress\/plugins\/seo\/ -->\n<title>Aviso legal - Grupo EDUCA EDTECH<\/title>\n<meta name=\"robots\" content=\"index, follow, max-snippet:-1, max-image-preview:large, max-video-preview:-1\" \/>\n<link rel=\"canonical\" href=\"https:\/\/educaedtech.com\/pt\/aviso-legal\/\" \/>\n<meta property=\"og:locale\" content=\"pt_PT\" \/>\n<meta property=\"og:type\" content=\"article\" \/>\n<meta property=\"og:title\" content=\"Aviso legal - Grupo EDUCA EDTECH\" \/>\n<meta property=\"og:description\" content=\"LEGAL NOTICE DATOS DEL TITULAR BUSINESS NAME: EDUCA EDTECH, B.V. KVK Register: 86269941 BTW: NL863915887B01 ADRESS: Weteringschans 165 C, 1017 [&hellip;]\" \/>\n<meta property=\"og:url\" content=\"https:\/\/educaedtech.com\/pt\/aviso-legal\/\" \/>\n<meta property=\"og:site_name\" content=\"Grupo EDUCA EDTECH\" \/>\n<meta property=\"article:modified_time\" content=\"2024-01-24T12:50:10+00:00\" \/>\n<meta name=\"twitter:card\" content=\"summary_large_image\" \/>\n<meta name=\"twitter:label1\" content=\"Tempo estimado de leitura\" \/>\n\t<meta name=\"twitter:data1\" content=\"13 minutos\" \/>\n<script type=\"application\/ld+json\" class=\"yoast-schema-graph\">{\"@context\":\"https:\/\/schema.org\",\"@graph\":[{\"@type\":\"WebPage\",\"@id\":\"https:\/\/educaedtech.com\/pt\/aviso-legal\/\",\"url\":\"https:\/\/educaedtech.com\/pt\/aviso-legal\/\",\"name\":\"Aviso legal - Grupo EDUCA EDTECH\",\"isPartOf\":{\"@id\":\"https:\/\/educaedtech.com\/pt\/#website\"},\"datePublished\":\"2024-01-18T08:38:03+00:00\",\"dateModified\":\"2024-01-24T12:50:10+00:00\",\"breadcrumb\":{\"@id\":\"https:\/\/educaedtech.com\/pt\/aviso-legal\/#breadcrumb\"},\"inLanguage\":\"pt-PT\",\"potentialAction\":[{\"@type\":\"ReadAction\",\"target\":[\"https:\/\/educaedtech.com\/pt\/aviso-legal\/\"]}]},{\"@type\":\"BreadcrumbList\",\"@id\":\"https:\/\/educaedtech.com\/pt\/aviso-legal\/#breadcrumb\",\"itemListElement\":[{\"@type\":\"ListItem\",\"position\":1,\"name\":\"Home\",\"item\":\"https:\/\/educaedtech.com\/\"},{\"@type\":\"ListItem\",\"position\":2,\"name\":\"Aviso legal\"}]},{\"@type\":\"WebSite\",\"@id\":\"https:\/\/educaedtech.com\/pt\/#website\",\"url\":\"https:\/\/educaedtech.com\/pt\/\",\"name\":\"Grupo EDUCA EDTECH\",\"description\":\"\",\"publisher\":{\"@id\":\"https:\/\/educaedtech.com\/pt\/#organization\"},\"potentialAction\":[{\"@type\":\"SearchAction\",\"target\":{\"@type\":\"EntryPoint\",\"urlTemplate\":\"https:\/\/educaedtech.com\/pt\/?s={search_term_string}\"},\"query-input\":{\"@type\":\"PropertyValueSpecification\",\"valueRequired\":true,\"valueName\":\"search_term_string\"}}],\"inLanguage\":\"pt-PT\"},{\"@type\":\"Organization\",\"@id\":\"https:\/\/educaedtech.com\/pt\/#organization\",\"name\":\"Grupo EDUCA EDTECH\",\"url\":\"https:\/\/educaedtech.com\/pt\/\",\"logo\":{\"@type\":\"ImageObject\",\"inLanguage\":\"pt-PT\",\"@id\":\"https:\/\/educaedtech.com\/pt\/#\/schema\/logo\/image\/\",\"url\":\"https:\/\/educaedtech.com\/wp-content\/uploads\/2024\/01\/Logo-Educa-Edtech-Group-Blanco.svg\",\"contentUrl\":\"https:\/\/educaedtech.com\/wp-content\/uploads\/2024\/01\/Logo-Educa-Edtech-Group-Blanco.svg\",\"width\":317,\"height\":108,\"caption\":\"Grupo EDUCA EDTECH\"},\"image\":{\"@id\":\"https:\/\/educaedtech.com\/pt\/#\/schema\/logo\/image\/\"}}]}<\/script>\n<!-- \/ Yoast SEO plugin. -->","yoast_head_json":{"title":"Aviso legal - Grupo EDUCA EDTECH","robots":{"index":"index","follow":"follow","max-snippet":"max-snippet:-1","max-image-preview":"max-image-preview:large","max-video-preview":"max-video-preview:-1"},"canonical":"https:\/\/educaedtech.com\/pt\/aviso-legal\/","og_locale":"pt_PT","og_type":"article","og_title":"Aviso legal - Grupo EDUCA EDTECH","og_description":"LEGAL NOTICE DATOS DEL TITULAR BUSINESS NAME: EDUCA EDTECH, B.V. KVK Register: 86269941 BTW: NL863915887B01 ADRESS: Weteringschans 165 C, 1017 [&hellip;]","og_url":"https:\/\/educaedtech.com\/pt\/aviso-legal\/","og_site_name":"Grupo EDUCA EDTECH","article_modified_time":"2024-01-24T12:50:10+00:00","twitter_card":"summary_large_image","twitter_misc":{"Tempo estimado de leitura":"13 minutos"},"schema":{"@context":"https:\/\/schema.org","@graph":[{"@type":"WebPage","@id":"https:\/\/educaedtech.com\/pt\/aviso-legal\/","url":"https:\/\/educaedtech.com\/pt\/aviso-legal\/","name":"Aviso legal - Grupo EDUCA EDTECH","isPartOf":{"@id":"https:\/\/educaedtech.com\/pt\/#website"},"datePublished":"2024-01-18T08:38:03+00:00","dateModified":"2024-01-24T12:50:10+00:00","breadcrumb":{"@id":"https:\/\/educaedtech.com\/pt\/aviso-legal\/#breadcrumb"},"inLanguage":"pt-PT","potentialAction":[{"@type":"ReadAction","target":["https:\/\/educaedtech.com\/pt\/aviso-legal\/"]}]},{"@type":"BreadcrumbList","@id":"https:\/\/educaedtech.com\/pt\/aviso-legal\/#breadcrumb","itemListElement":[{"@type":"ListItem","position":1,"name":"Home","item":"https:\/\/educaedtech.com\/"},{"@type":"ListItem","position":2,"name":"Aviso legal"}]},{"@type":"WebSite","@id":"https:\/\/educaedtech.com\/pt\/#website","url":"https:\/\/educaedtech.com\/pt\/","name":"Grupo EDUCA EDTECH","description":"","publisher":{"@id":"https:\/\/educaedtech.com\/pt\/#organization"},"potentialAction":[{"@type":"SearchAction","target":{"@type":"EntryPoint","urlTemplate":"https:\/\/educaedtech.com\/pt\/?s={search_term_string}"},"query-input":{"@type":"PropertyValueSpecification","valueRequired":true,"valueName":"search_term_string"}}],"inLanguage":"pt-PT"},{"@type":"Organization","@id":"https:\/\/educaedtech.com\/pt\/#organization","name":"Grupo EDUCA EDTECH","url":"https:\/\/educaedtech.com\/pt\/","logo":{"@type":"ImageObject","inLanguage":"pt-PT","@id":"https:\/\/educaedtech.com\/pt\/#\/schema\/logo\/image\/","url":"https:\/\/educaedtech.com\/wp-content\/uploads\/2024\/01\/Logo-Educa-Edtech-Group-Blanco.svg","contentUrl":"https:\/\/educaedtech.com\/wp-content\/uploads\/2024\/01\/Logo-Educa-Edtech-Group-Blanco.svg","width":317,"height":108,"caption":"Grupo EDUCA EDTECH"},"image":{"@id":"https:\/\/educaedtech.com\/pt\/#\/schema\/logo\/image\/"}}]}},"_links":{"self":[{"href":"https:\/\/educaedtech.com\/pt\/wp-json\/wp\/v2\/pages\/1144","targetHints":{"allow":["GET"]}}],"collection":[{"href":"https:\/\/educaedtech.com\/pt\/wp-json\/wp\/v2\/pages"}],"about":[{"href":"https:\/\/educaedtech.com\/pt\/wp-json\/wp\/v2\/types\/page"}],"author":[{"embeddable":true,"href":"https:\/\/educaedtech.com\/pt\/wp-json\/wp\/v2\/users\/1"}],"replies":[{"embeddable":true,"href":"https:\/\/educaedtech.com\/pt\/wp-json\/wp\/v2\/comments?post=1144"}],"version-history":[{"count":13,"href":"https:\/\/educaedtech.com\/pt\/wp-json\/wp\/v2\/pages\/1144\/revisions"}],"predecessor-version":[{"id":1551,"href":"https:\/\/educaedtech.com\/pt\/wp-json\/wp\/v2\/pages\/1144\/revisions\/1551"}],"wp:attachment":[{"href":"https:\/\/educaedtech.com\/pt\/wp-json\/wp\/v2\/media?parent=1144"}],"curies":[{"name":"wp","href":"https:\/\/api.w.org\/{rel}","templated":true}]}}